{"id":93,"date":"2021-03-15T09:56:21","date_gmt":"2021-03-15T09:56:21","guid":{"rendered":"http:\/\/birgitnilsson.com\/stipendium\/?page_id=93"},"modified":"2023-04-03T12:39:37","modified_gmt":"2023-04-03T10:39:37","slug":"styrelse","status":"publish","type":"page","link":"https:\/\/birgitnilsson.com\/stipendium\/styrelse\/","title":{"rendered":"Styrelse"},"content":{"rendered":"\t\t<div data-elementor-type=\"wp-page\" data-elementor-id=\"93\" class=\"elementor elementor-93\">\n\t\t\t\t\t\t<section class=\"elementor-section elementor-top-section elementor-element elementor-element-586faf1b elementor-section-boxed elementor-section-height-default elementor-section-height-default elementor-invisible\" data-id=\"586faf1b\" data-element_type=\"section\" data-e-type=\"section\" data-settings=\"{&quot;animation&quot;:&quot;fadeInUp&quot;}\">\n\t\t\t\t\t\t<div class=\"elementor-container elementor-column-gap-no\">\n\t\t\t\t\t<div class=\"elementor-column elementor-col-100 elementor-top-column elementor-element elementor-element-5c45e442\" data-id=\"5c45e442\" data-element_type=\"column\" data-e-type=\"column\">\n\t\t\t<div class=\"elementor-widget-wrap elementor-element-populated\">\n\t\t\t\t\t\t<div class=\"elementor-element elementor-element-775a48af elementor-widget elementor-widget-heading\" data-id=\"775a48af\" data-element_type=\"widget\" data-e-type=\"widget\" data-widget_type=\"heading.default\">\n\t\t\t\t<div class=\"elementor-widget-container\">\n\t\t\t\t\t<h2 class=\"elementor-heading-title elementor-size-default\">Stiftelsen f\u00f6r Birgit Nilssons Stipendiefond<\/h2>\t\t\t\t<\/div>\n\t\t\t\t<\/div>\n\t\t\t\t<div class=\"elementor-element elementor-element-16eeb99c elementor-widget elementor-widget-text-editor\" data-id=\"16eeb99c\" data-element_type=\"widget\" data-e-type=\"widget\" data-widget_type=\"text-editor.default\">\n\t\t\t\t<div class=\"elementor-widget-container\">\n\t\t\t\t\t\t\t\t\t<p><strong>Birgit Nilsson var hedersordf\u00f6rande i styrelsen fram tills hon gick bort \u00e5r 2005.<\/strong> Ordf\u00f6rande i styrelsen vid grundandet var filosofie licentiat Sten Broman och \u00a0\u00f6vriga ledam\u00f6ter var hovs\u00e5ngaren Sigurd Bj\u00f6rling, professor Uno Ebrelius och d\u00e5varande teaterchefen vid Malm\u00f6 Stadsteater G\u00f6sta Folke.<\/p><p>Vid Sten Bromans d\u00f6d eftertr\u00e4ddes han av generalkonsul Olof Sj\u00f6str\u00f6m, som l\u00e4mnade \u00f6ver till nuvarande ordf\u00f6rande Bengt Hall,\u00a0tillf\u00f6rordnad VD f\u00f6r<span class=\"Apple-converted-space\">\u00a0<\/span>Malm\u00f6 Opera. Den \u00f6vriga styrelsen best\u00e5r av Karin Hjalmers, Elisabeth Bostr\u00f6m och Gunnar Bohlin.<\/p>\t\t\t\t\t\t\t\t<\/div>\n\t\t\t\t<\/div>\n\t\t\t\t\t<\/div>\n\t\t<\/div>\n\t\t\t\t\t<\/div>\n\t\t<\/section>\n\t\t\t\t<section class=\"elementor-section elementor-top-section elementor-element elementor-element-64899e0e elementor-section-height-min-height elementor-section-boxed elementor-section-height-default elementor-section-items-middle\" data-id=\"64899e0e\" data-element_type=\"section\" data-e-type=\"section\">\n\t\t\t\t\t\t<div class=\"elementor-container elementor-column-gap-no\">\n\t\t\t\t\t<div class=\"elementor-column elementor-col-100 elementor-top-column elementor-element elementor-element-28542abe\" data-id=\"28542abe\" data-element_type=\"column\" data-e-type=\"column\">\n\t\t\t<div class=\"elementor-widget-wrap\">\n\t\t\t\t\t\t\t<\/div>\n\t\t<\/div>\n\t\t\t\t\t<\/div>\n\t\t<\/section>\n\t\t\t\t<\/div>\n\t\t","protected":false},"excerpt":{"rendered":"<p>Stiftelsen f\u00f6r Birgit Nilssons Stipendiefond Birgit Nilsson var hedersordf\u00f6rande i styrelsen fram tills hon gick bort \u00e5r 2005. Ordf\u00f6rande i styrelsen vid grundandet var filosofie licentiat Sten Broman och \u00a0\u00f6vriga ledam\u00f6ter var hovs\u00e5ngaren Sigurd Bj\u00f6rling, professor Uno Ebrelius och d\u00e5varande teaterchefen vid Malm\u00f6 Stadsteater G\u00f6sta Folke. Vid Sten Bromans d\u00f6d eftertr\u00e4ddes han av generalkonsul Olof [&hellip;]<\/p>\n","protected":false},"author":1,"featured_media":0,"parent":0,"menu_order":0,"comment_status":"closed","ping_status":"closed","template":"","meta":{"_acf_changed":false,"ocean_post_layout":"","ocean_both_sidebars_style":"","ocean_both_sidebars_content_width":0,"ocean_both_sidebars_sidebars_width":0,"ocean_sidebar":"0","ocean_second_sidebar":"0","ocean_disable_margins":"enable","ocean_add_body_class":"","ocean_shortcode_before_top_bar":"","ocean_shortcode_after_top_bar":"","ocean_shortcode_before_header":"","ocean_shortcode_after_header":"","ocean_has_shortcode":"","ocean_shortcode_after_title":"","ocean_shortcode_before_footer_widgets":"","ocean_shortcode_after_footer_widgets":"","ocean_shortcode_before_footer_bottom":"","ocean_shortcode_after_footer_bottom":"","ocean_display_top_bar":"default","ocean_display_header":"default","ocean_header_style":"","ocean_center_header_left_menu":"0","ocean_custom_header_template":"0","ocean_custom_logo":0,"ocean_custom_retina_logo":0,"ocean_custom_logo_max_width":0,"ocean_custom_logo_tablet_max_width":0,"ocean_custom_logo_mobile_max_width":0,"ocean_custom_logo_max_height":0,"ocean_custom_logo_tablet_max_height":0,"ocean_custom_logo_mobile_max_height":0,"ocean_header_custom_menu":"0","ocean_menu_typo_font_family":"0","ocean_menu_typo_font_subset":"","ocean_menu_typo_font_size":0,"ocean_menu_typo_font_size_tablet":0,"ocean_menu_typo_font_size_mobile":0,"ocean_menu_typo_font_size_unit":"px","ocean_menu_typo_font_weight":"","ocean_menu_typo_font_weight_tablet":"","ocean_menu_typo_font_weight_mobile":"","ocean_menu_typo_transform":"","ocean_menu_typo_transform_tablet":"","ocean_menu_typo_transform_mobile":"","ocean_menu_typo_line_height":0,"ocean_menu_typo_line_height_tablet":0,"ocean_menu_typo_line_height_mobile":0,"ocean_menu_typo_line_height_unit":"","ocean_menu_typo_spacing":0,"ocean_menu_typo_spacing_tablet":0,"ocean_menu_typo_spacing_mobile":0,"ocean_menu_typo_spacing_unit":"","ocean_menu_link_color":"","ocean_menu_link_color_hover":"","ocean_menu_link_color_active":"","ocean_menu_link_background":"","ocean_menu_link_hover_background":"","ocean_menu_link_active_background":"","ocean_menu_social_links_bg":"","ocean_menu_social_hover_links_bg":"","ocean_menu_social_links_color":"","ocean_menu_social_hover_links_color":"","ocean_disable_title":"default","ocean_disable_heading":"default","ocean_post_title":"","ocean_post_subheading":"","ocean_post_title_style":"","ocean_post_title_background_color":"","ocean_post_title_background":0,"ocean_post_title_bg_image_position":"","ocean_post_title_bg_image_attachment":"","ocean_post_title_bg_image_repeat":"","ocean_post_title_bg_image_size":"","ocean_post_title_height":0,"ocean_post_title_bg_overlay":0.5,"ocean_post_title_bg_overlay_color":"","ocean_disable_breadcrumbs":"default","ocean_breadcrumbs_color":"","ocean_breadcrumbs_separator_color":"","ocean_breadcrumbs_links_color":"","ocean_breadcrumbs_links_hover_color":"","ocean_display_footer_widgets":"default","ocean_display_footer_bottom":"default","ocean_custom_footer_template":"0","footnotes":""},"class_list":["post-93","page","type-page","status-publish","hentry","entry"],"acf":[],"yoast_head":"<!-- This site is optimized with the Yoast SEO plugin v27.4 - https:\/\/yoast.com\/product\/yoast-seo-wordpress\/ -->\n<title>Styrelse - Birgit Nilsson Stipendium<\/title>\n<meta name=\"robots\" content=\"index, follow, max-snippet:-1, max-image-preview:large, max-video-preview:-1\" \/>\n<link rel=\"canonical\" href=\"https:\/\/birgitnilsson.com\/stipendium\/styrelse\/\" \/>\n<meta property=\"og:locale\" content=\"sv_SE\" \/>\n<meta property=\"og:type\" content=\"article\" \/>\n<meta property=\"og:title\" content=\"Styrelse - Birgit Nilsson Stipendium\" \/>\n<meta property=\"og:description\" content=\"Stiftelsen f\u00f6r Birgit Nilssons Stipendiefond Birgit Nilsson var hedersordf\u00f6rande i styrelsen fram tills hon gick bort \u00e5r 2005. Ordf\u00f6rande i styrelsen vid grundandet var filosofie licentiat Sten Broman och \u00a0\u00f6vriga ledam\u00f6ter var hovs\u00e5ngaren Sigurd Bj\u00f6rling, professor Uno Ebrelius och d\u00e5varande teaterchefen vid Malm\u00f6 Stadsteater G\u00f6sta Folke. Vid Sten Bromans d\u00f6d eftertr\u00e4ddes han av generalkonsul Olof [&hellip;]\" \/>\n<meta property=\"og:url\" content=\"https:\/\/birgitnilsson.com\/stipendium\/styrelse\/\" \/>\n<meta property=\"og:site_name\" content=\"Birgit Nilsson Stipendium\" \/>\n<meta property=\"article:modified_time\" content=\"2023-04-03T10:39:37+00:00\" \/>\n<meta name=\"twitter:card\" content=\"summary_large_image\" \/>\n<meta name=\"twitter:label1\" content=\"Ber\u00e4knad l\u00e4stid\" \/>\n\t<meta name=\"twitter:data1\" content=\"1 minut\" \/>\n<script type=\"application\/ld+json\" class=\"yoast-schema-graph\">{\"@context\":\"https:\\\/\\\/schema.org\",\"@graph\":[{\"@type\":\"WebPage\",\"@id\":\"https:\\\/\\\/birgitnilsson.com\\\/stipendium\\\/styrelse\\\/\",\"url\":\"https:\\\/\\\/birgitnilsson.com\\\/stipendium\\\/styrelse\\\/\",\"name\":\"Styrelse - Birgit Nilsson Stipendium\",\"isPartOf\":{\"@id\":\"https:\\\/\\\/birgitnilsson.com\\\/stipendium\\\/#website\"},\"datePublished\":\"2021-03-15T09:56:21+00:00\",\"dateModified\":\"2023-04-03T10:39:37+00:00\",\"breadcrumb\":{\"@id\":\"https:\\\/\\\/birgitnilsson.com\\\/stipendium\\\/styrelse\\\/#breadcrumb\"},\"inLanguage\":\"sv-SE\",\"potentialAction\":[{\"@type\":\"ReadAction\",\"target\":[\"https:\\\/\\\/birgitnilsson.com\\\/stipendium\\\/styrelse\\\/\"]}]},{\"@type\":\"BreadcrumbList\",\"@id\":\"https:\\\/\\\/birgitnilsson.com\\\/stipendium\\\/styrelse\\\/#breadcrumb\",\"itemListElement\":[{\"@type\":\"ListItem\",\"position\":1,\"name\":\"Hem\",\"item\":\"https:\\\/\\\/birgitnilsson.com\\\/stipendium\\\/\"},{\"@type\":\"ListItem\",\"position\":2,\"name\":\"Styrelse\"}]},{\"@type\":\"WebSite\",\"@id\":\"https:\\\/\\\/birgitnilsson.com\\\/stipendium\\\/#website\",\"url\":\"https:\\\/\\\/birgitnilsson.com\\\/stipendium\\\/\",\"name\":\"Birgit Nilsson Stipendium\",\"description\":\"The official website\",\"publisher\":{\"@id\":\"https:\\\/\\\/birgitnilsson.com\\\/stipendium\\\/#organization\"},\"potentialAction\":[{\"@type\":\"SearchAction\",\"target\":{\"@type\":\"EntryPoint\",\"urlTemplate\":\"https:\\\/\\\/birgitnilsson.com\\\/stipendium\\\/?s={search_term_string}\"},\"query-input\":{\"@type\":\"PropertyValueSpecification\",\"valueRequired\":true,\"valueName\":\"search_term_string\"}}],\"inLanguage\":\"sv-SE\"},{\"@type\":\"Organization\",\"@id\":\"https:\\\/\\\/birgitnilsson.com\\\/stipendium\\\/#organization\",\"name\":\"Birgit Nilsson Stipendium\",\"url\":\"https:\\\/\\\/birgitnilsson.com\\\/stipendium\\\/\",\"logo\":{\"@type\":\"ImageObject\",\"inLanguage\":\"sv-SE\",\"@id\":\"https:\\\/\\\/birgitnilsson.com\\\/stipendium\\\/#\\\/schema\\\/logo\\\/image\\\/\",\"url\":\"https:\\\/\\\/birgitnilsson.com\\\/stipendium\\\/wp-content\\\/uploads\\\/sites\\\/4\\\/2021\\\/03\\\/Birgit-Nilsson-logotype-light.png\",\"contentUrl\":\"https:\\\/\\\/birgitnilsson.com\\\/stipendium\\\/wp-content\\\/uploads\\\/sites\\\/4\\\/2021\\\/03\\\/Birgit-Nilsson-logotype-light.png\",\"width\":876,\"height\":387,\"caption\":\"Birgit Nilsson Stipendium\"},\"image\":{\"@id\":\"https:\\\/\\\/birgitnilsson.com\\\/stipendium\\\/#\\\/schema\\\/logo\\\/image\\\/\"}}]}<\/script>\n<!-- \/ Yoast SEO plugin. -->","yoast_head_json":{"title":"Styrelse - Birgit Nilsson Stipendium","robots":{"index":"index","follow":"follow","max-snippet":"max-snippet:-1","max-image-preview":"max-image-preview:large","max-video-preview":"max-video-preview:-1"},"canonical":"https:\/\/birgitnilsson.com\/stipendium\/styrelse\/","og_locale":"sv_SE","og_type":"article","og_title":"Styrelse - Birgit Nilsson Stipendium","og_description":"Stiftelsen f\u00f6r Birgit Nilssons Stipendiefond Birgit Nilsson var hedersordf\u00f6rande i styrelsen fram tills hon gick bort \u00e5r 2005. Ordf\u00f6rande i styrelsen vid grundandet var filosofie licentiat Sten Broman och \u00a0\u00f6vriga ledam\u00f6ter var hovs\u00e5ngaren Sigurd Bj\u00f6rling, professor Uno Ebrelius och d\u00e5varande teaterchefen vid Malm\u00f6 Stadsteater G\u00f6sta Folke. Vid Sten Bromans d\u00f6d eftertr\u00e4ddes han av generalkonsul Olof [&hellip;]","og_url":"https:\/\/birgitnilsson.com\/stipendium\/styrelse\/","og_site_name":"Birgit Nilsson Stipendium","article_modified_time":"2023-04-03T10:39:37+00:00","twitter_card":"summary_large_image","twitter_misc":{"Ber\u00e4knad l\u00e4stid":"1 minut"},"schema":{"@context":"https:\/\/schema.org","@graph":[{"@type":"WebPage","@id":"https:\/\/birgitnilsson.com\/stipendium\/styrelse\/","url":"https:\/\/birgitnilsson.com\/stipendium\/styrelse\/","name":"Styrelse - Birgit Nilsson Stipendium","isPartOf":{"@id":"https:\/\/birgitnilsson.com\/stipendium\/#website"},"datePublished":"2021-03-15T09:56:21+00:00","dateModified":"2023-04-03T10:39:37+00:00","breadcrumb":{"@id":"https:\/\/birgitnilsson.com\/stipendium\/styrelse\/#breadcrumb"},"inLanguage":"sv-SE","potentialAction":[{"@type":"ReadAction","target":["https:\/\/birgitnilsson.com\/stipendium\/styrelse\/"]}]},{"@type":"BreadcrumbList","@id":"https:\/\/birgitnilsson.com\/stipendium\/styrelse\/#breadcrumb","itemListElement":[{"@type":"ListItem","position":1,"name":"Hem","item":"https:\/\/birgitnilsson.com\/stipendium\/"},{"@type":"ListItem","position":2,"name":"Styrelse"}]},{"@type":"WebSite","@id":"https:\/\/birgitnilsson.com\/stipendium\/#website","url":"https:\/\/birgitnilsson.com\/stipendium\/","name":"Birgit Nilsson Stipendium","description":"The official website","publisher":{"@id":"https:\/\/birgitnilsson.com\/stipendium\/#organization"},"potentialAction":[{"@type":"SearchAction","target":{"@type":"EntryPoint","urlTemplate":"https:\/\/birgitnilsson.com\/stipendium\/?s={search_term_string}"},"query-input":{"@type":"PropertyValueSpecification","valueRequired":true,"valueName":"search_term_string"}}],"inLanguage":"sv-SE"},{"@type":"Organization","@id":"https:\/\/birgitnilsson.com\/stipendium\/#organization","name":"Birgit Nilsson Stipendium","url":"https:\/\/birgitnilsson.com\/stipendium\/","logo":{"@type":"ImageObject","inLanguage":"sv-SE","@id":"https:\/\/birgitnilsson.com\/stipendium\/#\/schema\/logo\/image\/","url":"https:\/\/birgitnilsson.com\/stipendium\/wp-content\/uploads\/sites\/4\/2021\/03\/Birgit-Nilsson-logotype-light.png","contentUrl":"https:\/\/birgitnilsson.com\/stipendium\/wp-content\/uploads\/sites\/4\/2021\/03\/Birgit-Nilsson-logotype-light.png","width":876,"height":387,"caption":"Birgit Nilsson Stipendium"},"image":{"@id":"https:\/\/birgitnilsson.com\/stipendium\/#\/schema\/logo\/image\/"}}]}},"_links":{"self":[{"href":"https:\/\/birgitnilsson.com\/stipendium\/wp-json\/wp\/v2\/pages\/93","targetHints":{"allow":["GET"]}}],"collection":[{"href":"https:\/\/birgitnilsson.com\/stipendium\/wp-json\/wp\/v2\/pages"}],"about":[{"href":"https:\/\/birgitnilsson.com\/stipendium\/wp-json\/wp\/v2\/types\/page"}],"author":[{"embeddable":true,"href":"https:\/\/birgitnilsson.com\/stipendium\/wp-json\/wp\/v2\/users\/1"}],"replies":[{"embeddable":true,"href":"https:\/\/birgitnilsson.com\/stipendium\/wp-json\/wp\/v2\/comments?post=93"}],"version-history":[{"count":37,"href":"https:\/\/birgitnilsson.com\/stipendium\/wp-json\/wp\/v2\/pages\/93\/revisions"}],"predecessor-version":[{"id":1067,"href":"https:\/\/birgitnilsson.com\/stipendium\/wp-json\/wp\/v2\/pages\/93\/revisions\/1067"}],"wp:attachment":[{"href":"https:\/\/birgitnilsson.com\/stipendium\/wp-json\/wp\/v2\/media?parent=93"}],"curies":[{"name":"wp","href":"https:\/\/api.w.org\/{rel}","templated":true}]}}