{"id":89,"date":"2021-03-15T09:55:33","date_gmt":"2021-03-15T09:55:33","guid":{"rendered":"http:\/\/birgitnilsson.com\/stipendium\/?page_id=89"},"modified":"2021-05-16T14:32:05","modified_gmt":"2021-05-16T14:32:05","slug":"om","status":"publish","type":"page","link":"https:\/\/birgitnilsson.com\/stipendium\/om\/","title":{"rendered":"Om"},"content":{"rendered":"\t\t<div data-elementor-type=\"wp-page\" data-elementor-id=\"89\" class=\"elementor elementor-89\">\n\t\t\t\t\t\t<section class=\"elementor-section elementor-top-section elementor-element elementor-element-1c38f1d5 elementor-section-content-middle elementor-section-boxed elementor-section-height-default elementor-section-height-default\" data-id=\"1c38f1d5\" data-element_type=\"section\" data-e-type=\"section\">\n\t\t\t\t\t\t<div class=\"elementor-container elementor-column-gap-no\">\n\t\t\t\t\t<div class=\"elementor-column elementor-col-50 elementor-top-column elementor-element elementor-element-2fb7cd88 elementor-invisible\" data-id=\"2fb7cd88\" data-element_type=\"column\" data-e-type=\"column\" data-settings=\"{&quot;animation&quot;:&quot;fadeIn&quot;}\">\n\t\t\t<div class=\"elementor-widget-wrap elementor-element-populated\">\n\t\t\t\t\t\t<div class=\"elementor-element elementor-element-672347cb elementor-invisible elementor-widget elementor-widget-image\" data-id=\"672347cb\" data-element_type=\"widget\" data-e-type=\"widget\" data-settings=\"{&quot;_animation&quot;:&quot;fadeIn&quot;}\" data-widget_type=\"image.default\">\n\t\t\t\t<div class=\"elementor-widget-container\">\n\t\t\t\t\t\t\t\t\t\t\t\t\t\t\t<img fetchpriority=\"high\" decoding=\"async\" width=\"700\" height=\"488\" src=\"https:\/\/birgitnilsson.com\/stipendium\/wp-content\/uploads\/sites\/4\/2021\/04\/stipedium.f5701616.jpg\" class=\"attachment-large size-large wp-image-214\" alt=\"Birgit Nilsson. Konsert 1988. Birgit hyllar \u00e5rets stipendiat, Gitta-Maria Sj\u00f6berg. BN88\" srcset=\"https:\/\/birgitnilsson.com\/stipendium\/wp-content\/uploads\/sites\/4\/2021\/04\/stipedium.f5701616.jpg 700w, https:\/\/birgitnilsson.com\/stipendium\/wp-content\/uploads\/sites\/4\/2021\/04\/stipedium.f5701616-300x209.jpg 300w\" sizes=\"(max-width: 700px) 100vw, 700px\" \/>\t\t\t\t\t\t\t\t\t\t\t\t\t\t\t<\/div>\n\t\t\t\t<\/div>\n\t\t\t\t\t<\/div>\n\t\t<\/div>\n\t\t\t\t<div class=\"elementor-column elementor-col-50 elementor-top-column elementor-element elementor-element-4397f082 elementor-invisible\" data-id=\"4397f082\" data-element_type=\"column\" data-e-type=\"column\" data-settings=\"{&quot;animation&quot;:&quot;fadeInRight&quot;,&quot;animation_mobile&quot;:&quot;fadeInUp&quot;}\">\n\t\t\t<div class=\"elementor-widget-wrap elementor-element-populated\">\n\t\t\t\t\t\t<div class=\"elementor-element elementor-element-7f12c033 elementor-widget elementor-widget-heading\" data-id=\"7f12c033\" data-element_type=\"widget\" data-e-type=\"widget\" data-widget_type=\"heading.default\">\n\t\t\t\t<div class=\"elementor-widget-container\">\n\t\t\t\t\t<h2 class=\"elementor-heading-title elementor-size-default\">Birgit Nilsson-stipendiet<\/h2>\t\t\t\t<\/div>\n\t\t\t\t<\/div>\n\t\t\t\t<div class=\"elementor-element elementor-element-6b3948b1 elementor-widget elementor-widget-text-editor\" data-id=\"6b3948b1\" data-element_type=\"widget\" data-e-type=\"widget\" data-widget_type=\"text-editor.default\">\n\t\t\t\t<div class=\"elementor-widget-container\">\n\t\t\t\t\t\t\t\t\t<p class=\"ingresstext pre-wrap\"><strong>Birgit uppmuntrade g\u00e4rna unga musiker och k\u00e4nde ett personligt ansvar f\u00f6r operakonstens framtid. Hon instiftade ett nationellt stipendium f\u00f6r unga svenska s\u00e5ngare.<\/strong><\/p><p>Hovs\u00e5ngerskan Professor Birgit Nilssons stipendiefond instiftades i december 1969, som ett minne till hennes framlidne s\u00e5ngl\u00e4rare Ragnar Blennow fr\u00e5n \u00c5storp. Stiftelsekapitalet var 15.000 svenska kronor, avsatta ur recetter fr\u00e5n f\u00f6rest\u00e4llningen Tosca p\u00e5 Malm\u00f6 Stadsteater den 12 december 1969, i vilken Birgit Nilsson d\u00e5 g\u00e4stspelade. Detta var en summa som i dagens penningv\u00e4rde motsvaras av drygt 100.000 svenska kronor.<\/p><p>Det f\u00f6rsta stipendiet delades ut 1973, men det blev inte regelbundet \u00e5terkommande f\u00f6rr\u00e4n 1984.<\/p><p>Till en b\u00f6rjan delades stipendiet ut i Malm\u00f6. \u00c5ren 1984-2002 delades det fr\u00e4mst ut vid Birgit Nilsson-konserterna i V\u00e4stra Karups kyrka. Fr\u00e5n 2012-2019 var stipendieutdelningen p\u00e5 Malm\u00f6 Opera. Fr\u00e5n 2020 sker stipendieutdelningen med efterf\u00f6ljande konsert \u00e5ter i V\u00e4stra Karups kyrka och stipendiesumman \u00e4r numera 200.000 svenska kronor.<\/p><p>Stipendiet ges till unga, lovande s\u00e5ngare som verkar i Birgit Nilssons anda. Stiftelsens m\u00e5ls\u00e4ttning \u00e4r att fr\u00e4mja beg\u00e5vade s\u00e5ngares fortsatta musikaliska utbildning.<\/p><p>Stipendiestyrelsen utser stipendiat\/stipendiater. Stipendiet kan inte s\u00f6kas.<\/p>\t\t\t\t\t\t\t\t<\/div>\n\t\t\t\t<\/div>\n\t\t\t\t\t<\/div>\n\t\t<\/div>\n\t\t\t\t\t<\/div>\n\t\t<\/section>\n\t\t\t\t<section class=\"elementor-section elementor-top-section elementor-element elementor-element-6d390cfe elementor-section-height-min-height elementor-section-boxed elementor-section-height-default elementor-section-items-middle\" data-id=\"6d390cfe\" data-element_type=\"section\" data-e-type=\"section\">\n\t\t\t\t\t\t<div class=\"elementor-container elementor-column-gap-no\">\n\t\t\t\t\t<div class=\"elementor-column elementor-col-100 elementor-top-column elementor-element elementor-element-27f26845\" data-id=\"27f26845\" data-element_type=\"column\" data-e-type=\"column\">\n\t\t\t<div class=\"elementor-widget-wrap\">\n\t\t\t\t\t\t\t<\/div>\n\t\t<\/div>\n\t\t\t\t\t<\/div>\n\t\t<\/section>\n\t\t\t\t<section class=\"elementor-section elementor-top-section elementor-element elementor-element-fc5169a elementor-section-height-min-height live-streaming elementor-section-stretched elementor-section-boxed elementor-section-height-default elementor-section-items-middle\" data-id=\"fc5169a\" data-element_type=\"section\" data-e-type=\"section\" data-settings=\"{&quot;background_background&quot;:&quot;classic&quot;,&quot;stretch_section&quot;:&quot;section-stretched&quot;}\">\n\t\t\t\t\t\t\t<div class=\"elementor-background-overlay\"><\/div>\n\t\t\t\t\t\t\t<div class=\"elementor-container elementor-column-gap-no\">\n\t\t\t\t\t<div class=\"elementor-column elementor-col-100 elementor-top-column elementor-element elementor-element-58fd8b5b elementor-invisible\" data-id=\"58fd8b5b\" data-element_type=\"column\" data-e-type=\"column\" data-settings=\"{&quot;animation&quot;:&quot;fadeInUp&quot;}\">\n\t\t\t<div class=\"elementor-widget-wrap elementor-element-populated\">\n\t\t\t\t\t\t<div class=\"elementor-element elementor-element-221ccf3f elementor-widget elementor-widget-heading\" data-id=\"221ccf3f\" data-element_type=\"widget\" data-e-type=\"widget\" data-widget_type=\"heading.default\">\n\t\t\t\t<div class=\"elementor-widget-container\">\n\t\t\t\t\t<h2 class=\"elementor-heading-title elementor-size-default\">Stipendiet ges till unga, lovande s\u00e5ngare som verkar i Birgit Nilssons anda.<\/h2>\t\t\t\t<\/div>\n\t\t\t\t<\/div>\n\t\t\t\t\t<\/div>\n\t\t<\/div>\n\t\t\t\t\t<\/div>\n\t\t<\/section>\n\t\t\t\t<\/div>\n\t\t","protected":false},"excerpt":{"rendered":"<p>Birgit Nilsson-stipendiet Birgit uppmuntrade g\u00e4rna unga musiker och k\u00e4nde ett personligt ansvar f\u00f6r operakonstens framtid. Hon instiftade ett nationellt stipendium f\u00f6r unga svenska s\u00e5ngare. Hovs\u00e5ngerskan Professor Birgit Nilssons stipendiefond instiftades i december 1969, som ett minne till hennes framlidne s\u00e5ngl\u00e4rare Ragnar Blennow fr\u00e5n \u00c5storp. Stiftelsekapitalet var 15.000 svenska kronor, avsatta ur recetter fr\u00e5n f\u00f6rest\u00e4llningen Tosca [&hellip;]<\/p>\n","protected":false},"author":1,"featured_media":0,"parent":0,"menu_order":0,"comment_status":"closed","ping_status":"closed","template":"","meta":{"_acf_changed":false,"ocean_post_layout":"","ocean_both_sidebars_style":"","ocean_both_sidebars_content_width":0,"ocean_both_sidebars_sidebars_width":0,"ocean_sidebar":"0","ocean_second_sidebar":"0","ocean_disable_margins":"enable","ocean_add_body_class":"","ocean_shortcode_before_top_bar":"","ocean_shortcode_after_top_bar":"","ocean_shortcode_before_header":"","ocean_shortcode_after_header":"","ocean_has_shortcode":"","ocean_shortcode_after_title":"","ocean_shortcode_before_footer_widgets":"","ocean_shortcode_after_footer_widgets":"","ocean_shortcode_before_footer_bottom":"","ocean_shortcode_after_footer_bottom":"","ocean_display_top_bar":"default","ocean_display_header":"default","ocean_header_style":"","ocean_center_header_left_menu":"0","ocean_custom_header_template":"0","ocean_custom_logo":0,"ocean_custom_retina_logo":0,"ocean_custom_logo_max_width":0,"ocean_custom_logo_tablet_max_width":0,"ocean_custom_logo_mobile_max_width":0,"ocean_custom_logo_max_height":0,"ocean_custom_logo_tablet_max_height":0,"ocean_custom_logo_mobile_max_height":0,"ocean_header_custom_menu":"0","ocean_menu_typo_font_family":"0","ocean_menu_typo_font_subset":"","ocean_menu_typo_font_size":0,"ocean_menu_typo_font_size_tablet":0,"ocean_menu_typo_font_size_mobile":0,"ocean_menu_typo_font_size_unit":"px","ocean_menu_typo_font_weight":"","ocean_menu_typo_font_weight_tablet":"","ocean_menu_typo_font_weight_mobile":"","ocean_menu_typo_transform":"","ocean_menu_typo_transform_tablet":"","ocean_menu_typo_transform_mobile":"","ocean_menu_typo_line_height":0,"ocean_menu_typo_line_height_tablet":0,"ocean_menu_typo_line_height_mobile":0,"ocean_menu_typo_line_height_unit":"","ocean_menu_typo_spacing":0,"ocean_menu_typo_spacing_tablet":0,"ocean_menu_typo_spacing_mobile":0,"ocean_menu_typo_spacing_unit":"","ocean_menu_link_color":"","ocean_menu_link_color_hover":"","ocean_menu_link_color_active":"","ocean_menu_link_background":"","ocean_menu_link_hover_background":"","ocean_menu_link_active_background":"","ocean_menu_social_links_bg":"","ocean_menu_social_hover_links_bg":"","ocean_menu_social_links_color":"","ocean_menu_social_hover_links_color":"","ocean_disable_title":"default","ocean_disable_heading":"default","ocean_post_title":"","ocean_post_subheading":"","ocean_post_title_style":"","ocean_post_title_background_color":"","ocean_post_title_background":0,"ocean_post_title_bg_image_position":"","ocean_post_title_bg_image_attachment":"","ocean_post_title_bg_image_repeat":"","ocean_post_title_bg_image_size":"","ocean_post_title_height":0,"ocean_post_title_bg_overlay":0.5,"ocean_post_title_bg_overlay_color":"","ocean_disable_breadcrumbs":"default","ocean_breadcrumbs_color":"","ocean_breadcrumbs_separator_color":"","ocean_breadcrumbs_links_color":"","ocean_breadcrumbs_links_hover_color":"","ocean_display_footer_widgets":"default","ocean_display_footer_bottom":"default","ocean_custom_footer_template":"0","footnotes":""},"class_list":["post-89","page","type-page","status-publish","hentry","entry"],"acf":[],"yoast_head":"<!-- This site is optimized with the Yoast SEO plugin v27.4 - https:\/\/yoast.com\/product\/yoast-seo-wordpress\/ -->\n<title>Om - Birgit Nilsson Stipendium<\/title>\n<meta name=\"robots\" content=\"index, follow, max-snippet:-1, max-image-preview:large, max-video-preview:-1\" \/>\n<link rel=\"canonical\" href=\"https:\/\/birgitnilsson.com\/stipendium\/om\/\" \/>\n<meta property=\"og:locale\" content=\"sv_SE\" \/>\n<meta property=\"og:type\" content=\"article\" \/>\n<meta property=\"og:title\" content=\"Om - Birgit Nilsson Stipendium\" \/>\n<meta property=\"og:description\" content=\"Birgit Nilsson-stipendiet Birgit uppmuntrade g\u00e4rna unga musiker och k\u00e4nde ett personligt ansvar f\u00f6r operakonstens framtid. Hon instiftade ett nationellt stipendium f\u00f6r unga svenska s\u00e5ngare. Hovs\u00e5ngerskan Professor Birgit Nilssons stipendiefond instiftades i december 1969, som ett minne till hennes framlidne s\u00e5ngl\u00e4rare Ragnar Blennow fr\u00e5n \u00c5storp. Stiftelsekapitalet var 15.000 svenska kronor, avsatta ur recetter fr\u00e5n f\u00f6rest\u00e4llningen Tosca [&hellip;]\" \/>\n<meta property=\"og:url\" content=\"https:\/\/birgitnilsson.com\/stipendium\/om\/\" \/>\n<meta property=\"og:site_name\" content=\"Birgit Nilsson Stipendium\" \/>\n<meta property=\"article:modified_time\" content=\"2021-05-16T14:32:05+00:00\" \/>\n<meta property=\"og:image\" content=\"http:\/\/birgitnilsson.com\/stipendium\/wp-content\/uploads\/sites\/4\/2021\/04\/stipedium.f5701616.jpg\" \/>\n<meta name=\"twitter:card\" content=\"summary_large_image\" \/>\n<meta name=\"twitter:label1\" content=\"Ber\u00e4knad l\u00e4stid\" \/>\n\t<meta name=\"twitter:data1\" content=\"2 minuter\" \/>\n<script type=\"application\/ld+json\" class=\"yoast-schema-graph\">{\"@context\":\"https:\\\/\\\/schema.org\",\"@graph\":[{\"@type\":\"WebPage\",\"@id\":\"https:\\\/\\\/birgitnilsson.com\\\/stipendium\\\/om\\\/\",\"url\":\"https:\\\/\\\/birgitnilsson.com\\\/stipendium\\\/om\\\/\",\"name\":\"Om - Birgit Nilsson Stipendium\",\"isPartOf\":{\"@id\":\"https:\\\/\\\/birgitnilsson.com\\\/stipendium\\\/#website\"},\"primaryImageOfPage\":{\"@id\":\"https:\\\/\\\/birgitnilsson.com\\\/stipendium\\\/om\\\/#primaryimage\"},\"image\":{\"@id\":\"https:\\\/\\\/birgitnilsson.com\\\/stipendium\\\/om\\\/#primaryimage\"},\"thumbnailUrl\":\"http:\\\/\\\/birgitnilsson.com\\\/stipendium\\\/wp-content\\\/uploads\\\/sites\\\/4\\\/2021\\\/04\\\/stipedium.f5701616.jpg\",\"datePublished\":\"2021-03-15T09:55:33+00:00\",\"dateModified\":\"2021-05-16T14:32:05+00:00\",\"breadcrumb\":{\"@id\":\"https:\\\/\\\/birgitnilsson.com\\\/stipendium\\\/om\\\/#breadcrumb\"},\"inLanguage\":\"sv-SE\",\"potentialAction\":[{\"@type\":\"ReadAction\",\"target\":[\"https:\\\/\\\/birgitnilsson.com\\\/stipendium\\\/om\\\/\"]}]},{\"@type\":\"ImageObject\",\"inLanguage\":\"sv-SE\",\"@id\":\"https:\\\/\\\/birgitnilsson.com\\\/stipendium\\\/om\\\/#primaryimage\",\"url\":\"https:\\\/\\\/birgitnilsson.com\\\/stipendium\\\/wp-content\\\/uploads\\\/sites\\\/4\\\/2021\\\/04\\\/stipedium.f5701616.jpg\",\"contentUrl\":\"https:\\\/\\\/birgitnilsson.com\\\/stipendium\\\/wp-content\\\/uploads\\\/sites\\\/4\\\/2021\\\/04\\\/stipedium.f5701616.jpg\",\"width\":700,\"height\":488,\"caption\":\"Birgit Nilsson. Konsert 1988. Birgit hyllar \u00e5rets stipendiat, Gitta-Maria Sj\u00f6berg. BN88\"},{\"@type\":\"BreadcrumbList\",\"@id\":\"https:\\\/\\\/birgitnilsson.com\\\/stipendium\\\/om\\\/#breadcrumb\",\"itemListElement\":[{\"@type\":\"ListItem\",\"position\":1,\"name\":\"Hem\",\"item\":\"https:\\\/\\\/birgitnilsson.com\\\/stipendium\\\/\"},{\"@type\":\"ListItem\",\"position\":2,\"name\":\"Om\"}]},{\"@type\":\"WebSite\",\"@id\":\"https:\\\/\\\/birgitnilsson.com\\\/stipendium\\\/#website\",\"url\":\"https:\\\/\\\/birgitnilsson.com\\\/stipendium\\\/\",\"name\":\"Birgit Nilsson Stipendium\",\"description\":\"The official website\",\"publisher\":{\"@id\":\"https:\\\/\\\/birgitnilsson.com\\\/stipendium\\\/#organization\"},\"potentialAction\":[{\"@type\":\"SearchAction\",\"target\":{\"@type\":\"EntryPoint\",\"urlTemplate\":\"https:\\\/\\\/birgitnilsson.com\\\/stipendium\\\/?s={search_term_string}\"},\"query-input\":{\"@type\":\"PropertyValueSpecification\",\"valueRequired\":true,\"valueName\":\"search_term_string\"}}],\"inLanguage\":\"sv-SE\"},{\"@type\":\"Organization\",\"@id\":\"https:\\\/\\\/birgitnilsson.com\\\/stipendium\\\/#organization\",\"name\":\"Birgit Nilsson Stipendium\",\"url\":\"https:\\\/\\\/birgitnilsson.com\\\/stipendium\\\/\",\"logo\":{\"@type\":\"ImageObject\",\"inLanguage\":\"sv-SE\",\"@id\":\"https:\\\/\\\/birgitnilsson.com\\\/stipendium\\\/#\\\/schema\\\/logo\\\/image\\\/\",\"url\":\"https:\\\/\\\/birgitnilsson.com\\\/stipendium\\\/wp-content\\\/uploads\\\/sites\\\/4\\\/2021\\\/03\\\/Birgit-Nilsson-logotype-light.png\",\"contentUrl\":\"https:\\\/\\\/birgitnilsson.com\\\/stipendium\\\/wp-content\\\/uploads\\\/sites\\\/4\\\/2021\\\/03\\\/Birgit-Nilsson-logotype-light.png\",\"width\":876,\"height\":387,\"caption\":\"Birgit Nilsson Stipendium\"},\"image\":{\"@id\":\"https:\\\/\\\/birgitnilsson.com\\\/stipendium\\\/#\\\/schema\\\/logo\\\/image\\\/\"}}]}<\/script>\n<!-- \/ Yoast SEO plugin. -->","yoast_head_json":{"title":"Om - Birgit Nilsson Stipendium","robots":{"index":"index","follow":"follow","max-snippet":"max-snippet:-1","max-image-preview":"max-image-preview:large","max-video-preview":"max-video-preview:-1"},"canonical":"https:\/\/birgitnilsson.com\/stipendium\/om\/","og_locale":"sv_SE","og_type":"article","og_title":"Om - Birgit Nilsson Stipendium","og_description":"Birgit Nilsson-stipendiet Birgit uppmuntrade g\u00e4rna unga musiker och k\u00e4nde ett personligt ansvar f\u00f6r operakonstens framtid. Hon instiftade ett nationellt stipendium f\u00f6r unga svenska s\u00e5ngare. Hovs\u00e5ngerskan Professor Birgit Nilssons stipendiefond instiftades i december 1969, som ett minne till hennes framlidne s\u00e5ngl\u00e4rare Ragnar Blennow fr\u00e5n \u00c5storp. Stiftelsekapitalet var 15.000 svenska kronor, avsatta ur recetter fr\u00e5n f\u00f6rest\u00e4llningen Tosca [&hellip;]","og_url":"https:\/\/birgitnilsson.com\/stipendium\/om\/","og_site_name":"Birgit Nilsson Stipendium","article_modified_time":"2021-05-16T14:32:05+00:00","og_image":[{"url":"http:\/\/birgitnilsson.com\/stipendium\/wp-content\/uploads\/sites\/4\/2021\/04\/stipedium.f5701616.jpg","type":"","width":"","height":""}],"twitter_card":"summary_large_image","twitter_misc":{"Ber\u00e4knad l\u00e4stid":"2 minuter"},"schema":{"@context":"https:\/\/schema.org","@graph":[{"@type":"WebPage","@id":"https:\/\/birgitnilsson.com\/stipendium\/om\/","url":"https:\/\/birgitnilsson.com\/stipendium\/om\/","name":"Om - Birgit Nilsson Stipendium","isPartOf":{"@id":"https:\/\/birgitnilsson.com\/stipendium\/#website"},"primaryImageOfPage":{"@id":"https:\/\/birgitnilsson.com\/stipendium\/om\/#primaryimage"},"image":{"@id":"https:\/\/birgitnilsson.com\/stipendium\/om\/#primaryimage"},"thumbnailUrl":"http:\/\/birgitnilsson.com\/stipendium\/wp-content\/uploads\/sites\/4\/2021\/04\/stipedium.f5701616.jpg","datePublished":"2021-03-15T09:55:33+00:00","dateModified":"2021-05-16T14:32:05+00:00","breadcrumb":{"@id":"https:\/\/birgitnilsson.com\/stipendium\/om\/#breadcrumb"},"inLanguage":"sv-SE","potentialAction":[{"@type":"ReadAction","target":["https:\/\/birgitnilsson.com\/stipendium\/om\/"]}]},{"@type":"ImageObject","inLanguage":"sv-SE","@id":"https:\/\/birgitnilsson.com\/stipendium\/om\/#primaryimage","url":"https:\/\/birgitnilsson.com\/stipendium\/wp-content\/uploads\/sites\/4\/2021\/04\/stipedium.f5701616.jpg","contentUrl":"https:\/\/birgitnilsson.com\/stipendium\/wp-content\/uploads\/sites\/4\/2021\/04\/stipedium.f5701616.jpg","width":700,"height":488,"caption":"Birgit Nilsson. Konsert 1988. Birgit hyllar \u00e5rets stipendiat, Gitta-Maria Sj\u00f6berg. BN88"},{"@type":"BreadcrumbList","@id":"https:\/\/birgitnilsson.com\/stipendium\/om\/#breadcrumb","itemListElement":[{"@type":"ListItem","position":1,"name":"Hem","item":"https:\/\/birgitnilsson.com\/stipendium\/"},{"@type":"ListItem","position":2,"name":"Om"}]},{"@type":"WebSite","@id":"https:\/\/birgitnilsson.com\/stipendium\/#website","url":"https:\/\/birgitnilsson.com\/stipendium\/","name":"Birgit Nilsson Stipendium","description":"The official website","publisher":{"@id":"https:\/\/birgitnilsson.com\/stipendium\/#organization"},"potentialAction":[{"@type":"SearchAction","target":{"@type":"EntryPoint","urlTemplate":"https:\/\/birgitnilsson.com\/stipendium\/?s={search_term_string}"},"query-input":{"@type":"PropertyValueSpecification","valueRequired":true,"valueName":"search_term_string"}}],"inLanguage":"sv-SE"},{"@type":"Organization","@id":"https:\/\/birgitnilsson.com\/stipendium\/#organization","name":"Birgit Nilsson Stipendium","url":"https:\/\/birgitnilsson.com\/stipendium\/","logo":{"@type":"ImageObject","inLanguage":"sv-SE","@id":"https:\/\/birgitnilsson.com\/stipendium\/#\/schema\/logo\/image\/","url":"https:\/\/birgitnilsson.com\/stipendium\/wp-content\/uploads\/sites\/4\/2021\/03\/Birgit-Nilsson-logotype-light.png","contentUrl":"https:\/\/birgitnilsson.com\/stipendium\/wp-content\/uploads\/sites\/4\/2021\/03\/Birgit-Nilsson-logotype-light.png","width":876,"height":387,"caption":"Birgit Nilsson Stipendium"},"image":{"@id":"https:\/\/birgitnilsson.com\/stipendium\/#\/schema\/logo\/image\/"}}]}},"_links":{"self":[{"href":"https:\/\/birgitnilsson.com\/stipendium\/wp-json\/wp\/v2\/pages\/89","targetHints":{"allow":["GET"]}}],"collection":[{"href":"https:\/\/birgitnilsson.com\/stipendium\/wp-json\/wp\/v2\/pages"}],"about":[{"href":"https:\/\/birgitnilsson.com\/stipendium\/wp-json\/wp\/v2\/types\/page"}],"author":[{"embeddable":true,"href":"https:\/\/birgitnilsson.com\/stipendium\/wp-json\/wp\/v2\/users\/1"}],"replies":[{"embeddable":true,"href":"https:\/\/birgitnilsson.com\/stipendium\/wp-json\/wp\/v2\/comments?post=89"}],"version-history":[{"count":13,"href":"https:\/\/birgitnilsson.com\/stipendium\/wp-json\/wp\/v2\/pages\/89\/revisions"}],"predecessor-version":[{"id":749,"href":"https:\/\/birgitnilsson.com\/stipendium\/wp-json\/wp\/v2\/pages\/89\/revisions\/749"}],"wp:attachment":[{"href":"https:\/\/birgitnilsson.com\/stipendium\/wp-json\/wp\/v2\/media?parent=89"}],"curies":[{"name":"wp","href":"https:\/\/api.w.org\/{rel}","templated":true}]}}