{"id":125,"date":"2021-03-15T09:55:57","date_gmt":"2021-03-15T09:55:57","guid":{"rendered":"http:\/\/birgitnilsson.com\/stipendium\/?page_id=125"},"modified":"2025-11-26T18:28:52","modified_gmt":"2025-11-26T17:28:52","slug":"recipients","status":"publish","type":"page","link":"https:\/\/birgitnilsson.com\/stipendium\/en\/recipients\/","title":{"rendered":"Recipients"},"content":{"rendered":"\t\t<div data-elementor-type=\"wp-page\" data-elementor-id=\"125\" class=\"elementor elementor-125\">\n\t\t\t\t\t\t<section class=\"elementor-section elementor-top-section elementor-element elementor-element-839f054 elementor-section-boxed elementor-section-height-default elementor-section-height-default elementor-invisible\" data-id=\"839f054\" data-element_type=\"section\" data-e-type=\"section\" data-settings=\"{&quot;animation&quot;:&quot;fadeInUp&quot;}\">\n\t\t\t\t\t\t<div class=\"elementor-container elementor-column-gap-no\">\n\t\t\t\t\t<div class=\"elementor-column elementor-col-100 elementor-top-column elementor-element elementor-element-78665817\" data-id=\"78665817\" data-element_type=\"column\" data-e-type=\"column\">\n\t\t\t<div class=\"elementor-widget-wrap elementor-element-populated\">\n\t\t\t\t\t\t<div class=\"elementor-element elementor-element-5e394730 elementor-widget elementor-widget-heading\" data-id=\"5e394730\" data-element_type=\"widget\" data-e-type=\"widget\" data-widget_type=\"heading.default\">\n\t\t\t\t<div class=\"elementor-widget-container\">\n\t\t\t\t\t<h2 class=\"elementor-heading-title elementor-size-default\">The Birgit Nilsson Stipendium recipients<\/h2>\t\t\t\t<\/div>\n\t\t\t\t<\/div>\n\t\t\t\t<div class=\"elementor-element elementor-element-1b4e4b58 elementor-widget elementor-widget-text-editor\" data-id=\"1b4e4b58\" data-element_type=\"widget\" data-e-type=\"widget\" data-widget_type=\"text-editor.default\">\n\t\t\t\t<div class=\"elementor-widget-container\">\n\t\t\t\t\t\t\t\t\t<p>Here is a complete list of Birgit Nilsson scholarship recipients:<\/p><p>Kurt Jacobsson1973, Malm\u00f6 Stadsteater , Malm\u00f6<\/p><p>Britta M\u00f6llerstr\u00f6m-Hjelm 1976, Savoy Malm\u00f6 16 (16 februari)<\/p><p>Karin Mang Habashi 1979, Malm\u00f6<\/p><p>Lars Leishem 1980, Malm\u00f6<\/p><p>Monica Persson 1984, V\u00e4stra Karups Kyrka<\/p><p>Elisabeth W\u00e4rnfeldt 1986, V\u00e4stra Karups Kyrka<\/p><p>Lena Nordin 1987, Slottskyrkan Stockholm (3 augusti)<\/p><p>Gitta-Maria Sj\u00f6berg 1988, V\u00e4stra Karups Kyrka<\/p><p>Ulla Gustafsson 1989, Konserthus Helsingborg (12 augusti)<br \/>Elisabeth Meyer-Topsoe 1989, Helligands Kirken, K\u00f6penhamn<\/p><p>Hillevi Martinpelto 1990, V\u00e4stra Karups Kyrka<\/p><p>Anders Larsson 1992, V\u00e4stra Karups Kyrka<\/p><p>\u00c5ke Zetterstr\u00f6m 1994, V\u00e4stra Karups Kyrka<\/p><p>Nina Stemme 1996, V\u00e4stra Karups Kyrka<\/p><p>Anna Larsson 1998, Stockholm<br \/>Yunus Dilb\u00e8r 1998, V\u00e4stra Karups Kyrka<\/p><p>Gisela Stille 2000, V\u00e4stra Karups Kyrka<br \/>Karl-Magnus Fredriksson 2000, V\u00e4stra Karups Kyrka<\/p><p>Susanne Resmark 2002, V\u00e4stra Karups Kyrka<\/p><p>Michael Weinius 2006, V\u00e4stra Karups Kyrka minneskonsert (3 juli)<br \/>John Lundgren 2006, V\u00e4stra Karups Kyrka minneskonsert (3 juli)<\/p><p>Emma Vetter 2007, Kungliga Operan Stockholm (2 mars)<\/p><p>Malin Bystr\u00f6m 2008, Kungliga Operan Stockholm (Birgit 90 \u00e5r)\u00a0<br \/>Marcus Jupither 2008, Kungliga Operan Stockholm (Birgit 90 \u00e5r)\u00a0<\/p><p>Elin Rombo 2009, V\u00e4stra Karups Kyrka (22 juni)<br \/>Daniel Johansson 2009, V\u00e4stra Karups Kyrka (22 juni)<\/p><p>Ida Falk Winland 2010, V\u00e4stra Karups Kyrka (28 juni)<br \/>Paulina Pfeiffer 2010, V\u00e4stra Karups Kyrka (28 juni)<\/p><p>Anneli Lindfors 2011, V\u00e4stra Karups Kyrka (26 juni) \u00a0<br \/>Joachim B\u00e4ckstr\u00f6m 2011, V\u00e4stra Karups Kyrka (26 juni)<\/p><p>Ivonne Fuchs 2012, Malm\u00f6 Opera (19 maj)<br \/>Daniel Frank 2012, Malm\u00f6 Opera (19 maj)<\/p><p>Sofie Asplund 2013, Malm\u00f6 Opera (7 september)<br \/>Fredrik Zetterstr\u00f6m 2013, Malm\u00f6 Opera (7 september)<\/p><p>Magdalena Risberg 2014, Malm\u00f6 Opera (31 maj)<\/p><p>Christina Nilsson 2015, Malm\u00f6 Opera (9 maj)<\/p><p>Henning von Schulman 2016, Malm\u00f6 Opera (21 maj)<\/p><p>Hanna Hus\u00e1hr 2017, Malm\u00f6 Opera (13 maj)\u00a0<br \/>Alexandra B\u00fcchel 2017, Malm\u00f6 Opera (13 maj)<\/p><p>Elisabeth Meyer 2018, Malm\u00f6 Opera (12 maj)<br \/>Tobias Westman 2018, Malm\u00f6 Opera (12 maj)<\/p><p>Joel Annmo 2019, Malm\u00f6 Opera (18 maj)<\/p><p>Emma\u00a0Sventelius 2020, V\u00e4stra Karups Kyrka (7 augusti)\u00a0<\/p><p>Johanna Wallroth 2021, V\u00e4stra Karups Kyrka (13 augusti)\u00a0<\/p><p>Cornelia Beskow 2022, V\u00e4stra Karups Kyrka (12 augusti)\u00a0<\/p><p>Ida R\u00e4nzl\u00f6v 2023, V\u00e4stra Karups Kyrka (11 augusti)<\/p><p>Matilda Sterby 2024, V\u00e4stra Karups Kyrka (9 augusti)<\/p><p>Karolina Bengtsson 2025, V\u00e4stra Karups Kyrka (8 augusti)<\/p>\t\t\t\t\t\t\t\t<\/div>\n\t\t\t\t<\/div>\n\t\t\t\t\t<\/div>\n\t\t<\/div>\n\t\t\t\t\t<\/div>\n\t\t<\/section>\n\t\t\t\t<section class=\"elementor-section elementor-top-section elementor-element elementor-element-35951a67 elementor-section-height-min-height elementor-section-boxed elementor-section-height-default elementor-section-items-middle\" data-id=\"35951a67\" data-element_type=\"section\" data-e-type=\"section\">\n\t\t\t\t\t\t<div class=\"elementor-container elementor-column-gap-no\">\n\t\t\t\t\t<div class=\"elementor-column elementor-col-100 elementor-top-column elementor-element elementor-element-6cd28233\" data-id=\"6cd28233\" data-element_type=\"column\" data-e-type=\"column\">\n\t\t\t<div class=\"elementor-widget-wrap\">\n\t\t\t\t\t\t\t<\/div>\n\t\t<\/div>\n\t\t\t\t\t<\/div>\n\t\t<\/section>\n\t\t\t\t<\/div>\n\t\t","protected":false},"excerpt":{"rendered":"<p>The Birgit Nilsson Stipendium recipients Here is a complete list of Birgit Nilsson scholarship recipients: Kurt Jacobsson1973, Malm\u00f6 Stadsteater , Malm\u00f6 Britta M\u00f6llerstr\u00f6m-Hjelm 1976, Savoy Malm\u00f6 16 (16 februari) Karin Mang Habashi 1979, Malm\u00f6 Lars Leishem 1980, Malm\u00f6 Monica Persson 1984, V\u00e4stra Karups Kyrka Elisabeth W\u00e4rnfeldt 1986, V\u00e4stra Karups Kyrka Lena Nordin 1987, Slottskyrkan Stockholm [&hellip;]<\/p>\n","protected":false},"author":1,"featured_media":0,"parent":0,"menu_order":0,"comment_status":"closed","ping_status":"closed","template":"","meta":{"_acf_changed":false,"ocean_post_layout":"","ocean_both_sidebars_style":"","ocean_both_sidebars_content_width":0,"ocean_both_sidebars_sidebars_width":0,"ocean_sidebar":"0","ocean_second_sidebar":"0","ocean_disable_margins":"enable","ocean_add_body_class":"","ocean_shortcode_before_top_bar":"","ocean_shortcode_after_top_bar":"","ocean_shortcode_before_header":"","ocean_shortcode_after_header":"","ocean_has_shortcode":"","ocean_shortcode_after_title":"","ocean_shortcode_before_footer_widgets":"","ocean_shortcode_after_footer_widgets":"","ocean_shortcode_before_footer_bottom":"","ocean_shortcode_after_footer_bottom":"","ocean_display_top_bar":"default","ocean_display_header":"default","ocean_header_style":"","ocean_center_header_left_menu":"0","ocean_custom_header_template":"0","ocean_custom_logo":0,"ocean_custom_retina_logo":0,"ocean_custom_logo_max_width":0,"ocean_custom_logo_tablet_max_width":0,"ocean_custom_logo_mobile_max_width":0,"ocean_custom_logo_max_height":0,"ocean_custom_logo_tablet_max_height":0,"ocean_custom_logo_mobile_max_height":0,"ocean_header_custom_menu":"0","ocean_menu_typo_font_family":"0","ocean_menu_typo_font_subset":"","ocean_menu_typo_font_size":0,"ocean_menu_typo_font_size_tablet":0,"ocean_menu_typo_font_size_mobile":0,"ocean_menu_typo_font_size_unit":"px","ocean_menu_typo_font_weight":"","ocean_menu_typo_font_weight_tablet":"","ocean_menu_typo_font_weight_mobile":"","ocean_menu_typo_transform":"","ocean_menu_typo_transform_tablet":"","ocean_menu_typo_transform_mobile":"","ocean_menu_typo_line_height":0,"ocean_menu_typo_line_height_tablet":0,"ocean_menu_typo_line_height_mobile":0,"ocean_menu_typo_line_height_unit":"","ocean_menu_typo_spacing":0,"ocean_menu_typo_spacing_tablet":0,"ocean_menu_typo_spacing_mobile":0,"ocean_menu_typo_spacing_unit":"","ocean_menu_link_color":"","ocean_menu_link_color_hover":"","ocean_menu_link_color_active":"","ocean_menu_link_background":"","ocean_menu_link_hover_background":"","ocean_menu_link_active_background":"","ocean_menu_social_links_bg":"","ocean_menu_social_hover_links_bg":"","ocean_menu_social_links_color":"","ocean_menu_social_hover_links_color":"","ocean_disable_title":"default","ocean_disable_heading":"default","ocean_post_title":"","ocean_post_subheading":"","ocean_post_title_style":"","ocean_post_title_background_color":"","ocean_post_title_background":0,"ocean_post_title_bg_image_position":"","ocean_post_title_bg_image_attachment":"","ocean_post_title_bg_image_repeat":"","ocean_post_title_bg_image_size":"","ocean_post_title_height":0,"ocean_post_title_bg_overlay":0.5,"ocean_post_title_bg_overlay_color":"","ocean_disable_breadcrumbs":"default","ocean_breadcrumbs_color":"","ocean_breadcrumbs_separator_color":"","ocean_breadcrumbs_links_color":"","ocean_breadcrumbs_links_hover_color":"","ocean_display_footer_widgets":"default","ocean_display_footer_bottom":"default","ocean_custom_footer_template":"0","footnotes":""},"class_list":["post-125","page","type-page","status-publish","hentry","entry"],"acf":[],"yoast_head":"<!-- This site is optimized with the Yoast SEO plugin v27.2 - https:\/\/yoast.com\/product\/yoast-seo-wordpress\/ -->\n<title>Recipients - Birgit Nilsson Stipendium<\/title>\n<meta name=\"robots\" content=\"index, follow, max-snippet:-1, max-image-preview:large, max-video-preview:-1\" \/>\n<link rel=\"canonical\" href=\"https:\/\/birgitnilsson.com\/stipendium\/en\/recipients\/\" \/>\n<meta property=\"og:locale\" content=\"sv_SE\" \/>\n<meta property=\"og:type\" content=\"article\" \/>\n<meta property=\"og:title\" content=\"Recipients - Birgit Nilsson Stipendium\" \/>\n<meta property=\"og:description\" content=\"The Birgit Nilsson Stipendium recipients Here is a complete list of Birgit Nilsson scholarship recipients: Kurt Jacobsson1973, Malm\u00f6 Stadsteater , Malm\u00f6 Britta M\u00f6llerstr\u00f6m-Hjelm 1976, Savoy Malm\u00f6 16 (16 februari) Karin Mang Habashi 1979, Malm\u00f6 Lars Leishem 1980, Malm\u00f6 Monica Persson 1984, V\u00e4stra Karups Kyrka Elisabeth W\u00e4rnfeldt 1986, V\u00e4stra Karups Kyrka Lena Nordin 1987, Slottskyrkan Stockholm [&hellip;]\" \/>\n<meta property=\"og:url\" content=\"https:\/\/birgitnilsson.com\/stipendium\/en\/recipients\/\" \/>\n<meta property=\"og:site_name\" content=\"Birgit Nilsson Stipendium\" \/>\n<meta property=\"article:modified_time\" content=\"2025-11-26T17:28:52+00:00\" \/>\n<meta name=\"twitter:card\" content=\"summary_large_image\" \/>\n<meta name=\"twitter:label1\" content=\"Ber\u00e4knad l\u00e4stid\" \/>\n\t<meta name=\"twitter:data1\" content=\"2 minuter\" \/>\n<script type=\"application\/ld+json\" class=\"yoast-schema-graph\">{\"@context\":\"https:\/\/schema.org\",\"@graph\":[{\"@type\":\"WebPage\",\"@id\":\"https:\/\/birgitnilsson.com\/stipendium\/en\/recipients\/\",\"url\":\"https:\/\/birgitnilsson.com\/stipendium\/en\/recipients\/\",\"name\":\"Recipients - Birgit Nilsson Stipendium\",\"isPartOf\":{\"@id\":\"https:\/\/birgitnilsson.com\/stipendium\/#website\"},\"datePublished\":\"2021-03-15T09:55:57+00:00\",\"dateModified\":\"2025-11-26T17:28:52+00:00\",\"breadcrumb\":{\"@id\":\"https:\/\/birgitnilsson.com\/stipendium\/en\/recipients\/#breadcrumb\"},\"inLanguage\":\"sv-SE\",\"potentialAction\":[{\"@type\":\"ReadAction\",\"target\":[\"https:\/\/birgitnilsson.com\/stipendium\/en\/recipients\/\"]}]},{\"@type\":\"BreadcrumbList\",\"@id\":\"https:\/\/birgitnilsson.com\/stipendium\/en\/recipients\/#breadcrumb\",\"itemListElement\":[{\"@type\":\"ListItem\",\"position\":1,\"name\":\"Hem\",\"item\":\"https:\/\/birgitnilsson.com\/stipendium\/\"},{\"@type\":\"ListItem\",\"position\":2,\"name\":\"Recipients\"}]},{\"@type\":\"WebSite\",\"@id\":\"https:\/\/birgitnilsson.com\/stipendium\/#website\",\"url\":\"https:\/\/birgitnilsson.com\/stipendium\/\",\"name\":\"Birgit Nilsson Stipendium\",\"description\":\"The official website\",\"publisher\":{\"@id\":\"https:\/\/birgitnilsson.com\/stipendium\/#organization\"},\"potentialAction\":[{\"@type\":\"SearchAction\",\"target\":{\"@type\":\"EntryPoint\",\"urlTemplate\":\"https:\/\/birgitnilsson.com\/stipendium\/?s={search_term_string}\"},\"query-input\":{\"@type\":\"PropertyValueSpecification\",\"valueRequired\":true,\"valueName\":\"search_term_string\"}}],\"inLanguage\":\"sv-SE\"},{\"@type\":\"Organization\",\"@id\":\"https:\/\/birgitnilsson.com\/stipendium\/#organization\",\"name\":\"Birgit Nilsson Stipendium\",\"url\":\"https:\/\/birgitnilsson.com\/stipendium\/\",\"logo\":{\"@type\":\"ImageObject\",\"inLanguage\":\"sv-SE\",\"@id\":\"https:\/\/birgitnilsson.com\/stipendium\/#\/schema\/logo\/image\/\",\"url\":\"https:\/\/birgitnilsson.com\/stipendium\/wp-content\/uploads\/sites\/4\/2021\/03\/Birgit-Nilsson-logotype-light.png\",\"contentUrl\":\"https:\/\/birgitnilsson.com\/stipendium\/wp-content\/uploads\/sites\/4\/2021\/03\/Birgit-Nilsson-logotype-light.png\",\"width\":876,\"height\":387,\"caption\":\"Birgit Nilsson Stipendium\"},\"image\":{\"@id\":\"https:\/\/birgitnilsson.com\/stipendium\/#\/schema\/logo\/image\/\"}}]}<\/script>\n<!-- \/ Yoast SEO plugin. -->","yoast_head_json":{"title":"Recipients - Birgit Nilsson Stipendium","robots":{"index":"index","follow":"follow","max-snippet":"max-snippet:-1","max-image-preview":"max-image-preview:large","max-video-preview":"max-video-preview:-1"},"canonical":"https:\/\/birgitnilsson.com\/stipendium\/en\/recipients\/","og_locale":"sv_SE","og_type":"article","og_title":"Recipients - Birgit Nilsson Stipendium","og_description":"The Birgit Nilsson Stipendium recipients Here is a complete list of Birgit Nilsson scholarship recipients: Kurt Jacobsson1973, Malm\u00f6 Stadsteater , Malm\u00f6 Britta M\u00f6llerstr\u00f6m-Hjelm 1976, Savoy Malm\u00f6 16 (16 februari) Karin Mang Habashi 1979, Malm\u00f6 Lars Leishem 1980, Malm\u00f6 Monica Persson 1984, V\u00e4stra Karups Kyrka Elisabeth W\u00e4rnfeldt 1986, V\u00e4stra Karups Kyrka Lena Nordin 1987, Slottskyrkan Stockholm [&hellip;]","og_url":"https:\/\/birgitnilsson.com\/stipendium\/en\/recipients\/","og_site_name":"Birgit Nilsson Stipendium","article_modified_time":"2025-11-26T17:28:52+00:00","twitter_card":"summary_large_image","twitter_misc":{"Ber\u00e4knad l\u00e4stid":"2 minuter"},"schema":{"@context":"https:\/\/schema.org","@graph":[{"@type":"WebPage","@id":"https:\/\/birgitnilsson.com\/stipendium\/en\/recipients\/","url":"https:\/\/birgitnilsson.com\/stipendium\/en\/recipients\/","name":"Recipients - Birgit Nilsson Stipendium","isPartOf":{"@id":"https:\/\/birgitnilsson.com\/stipendium\/#website"},"datePublished":"2021-03-15T09:55:57+00:00","dateModified":"2025-11-26T17:28:52+00:00","breadcrumb":{"@id":"https:\/\/birgitnilsson.com\/stipendium\/en\/recipients\/#breadcrumb"},"inLanguage":"sv-SE","potentialAction":[{"@type":"ReadAction","target":["https:\/\/birgitnilsson.com\/stipendium\/en\/recipients\/"]}]},{"@type":"BreadcrumbList","@id":"https:\/\/birgitnilsson.com\/stipendium\/en\/recipients\/#breadcrumb","itemListElement":[{"@type":"ListItem","position":1,"name":"Hem","item":"https:\/\/birgitnilsson.com\/stipendium\/"},{"@type":"ListItem","position":2,"name":"Recipients"}]},{"@type":"WebSite","@id":"https:\/\/birgitnilsson.com\/stipendium\/#website","url":"https:\/\/birgitnilsson.com\/stipendium\/","name":"Birgit Nilsson Stipendium","description":"The official website","publisher":{"@id":"https:\/\/birgitnilsson.com\/stipendium\/#organization"},"potentialAction":[{"@type":"SearchAction","target":{"@type":"EntryPoint","urlTemplate":"https:\/\/birgitnilsson.com\/stipendium\/?s={search_term_string}"},"query-input":{"@type":"PropertyValueSpecification","valueRequired":true,"valueName":"search_term_string"}}],"inLanguage":"sv-SE"},{"@type":"Organization","@id":"https:\/\/birgitnilsson.com\/stipendium\/#organization","name":"Birgit Nilsson Stipendium","url":"https:\/\/birgitnilsson.com\/stipendium\/","logo":{"@type":"ImageObject","inLanguage":"sv-SE","@id":"https:\/\/birgitnilsson.com\/stipendium\/#\/schema\/logo\/image\/","url":"https:\/\/birgitnilsson.com\/stipendium\/wp-content\/uploads\/sites\/4\/2021\/03\/Birgit-Nilsson-logotype-light.png","contentUrl":"https:\/\/birgitnilsson.com\/stipendium\/wp-content\/uploads\/sites\/4\/2021\/03\/Birgit-Nilsson-logotype-light.png","width":876,"height":387,"caption":"Birgit Nilsson Stipendium"},"image":{"@id":"https:\/\/birgitnilsson.com\/stipendium\/#\/schema\/logo\/image\/"}}]}},"_links":{"self":[{"href":"https:\/\/birgitnilsson.com\/stipendium\/wp-json\/wp\/v2\/pages\/125","targetHints":{"allow":["GET"]}}],"collection":[{"href":"https:\/\/birgitnilsson.com\/stipendium\/wp-json\/wp\/v2\/pages"}],"about":[{"href":"https:\/\/birgitnilsson.com\/stipendium\/wp-json\/wp\/v2\/types\/page"}],"author":[{"embeddable":true,"href":"https:\/\/birgitnilsson.com\/stipendium\/wp-json\/wp\/v2\/users\/1"}],"replies":[{"embeddable":true,"href":"https:\/\/birgitnilsson.com\/stipendium\/wp-json\/wp\/v2\/comments?post=125"}],"version-history":[{"count":47,"href":"https:\/\/birgitnilsson.com\/stipendium\/wp-json\/wp\/v2\/pages\/125\/revisions"}],"predecessor-version":[{"id":1378,"href":"https:\/\/birgitnilsson.com\/stipendium\/wp-json\/wp\/v2\/pages\/125\/revisions\/1378"}],"wp:attachment":[{"href":"https:\/\/birgitnilsson.com\/stipendium\/wp-json\/wp\/v2\/media?parent=125"}],"curies":[{"name":"wp","href":"https:\/\/api.w.org\/{rel}","templated":true}]}}