{"id":90,"date":"2021-03-15T10:00:58","date_gmt":"2021-03-15T10:00:58","guid":{"rendered":"http:\/\/birgitnilsson.com\/masterclass\/?page_id=90"},"modified":"2026-03-16T21:53:49","modified_gmt":"2026-03-16T20:53:49","slug":"kontakt","status":"publish","type":"page","link":"https:\/\/birgitnilsson.com\/masterclass\/kontakt\/","title":{"rendered":"Kontakt"},"content":{"rendered":"\t\t<div data-elementor-type=\"wp-page\" data-elementor-id=\"90\" class=\"elementor elementor-90\">\n\t\t\t\t\t\t<section class=\"elementor-section elementor-top-section elementor-element elementor-element-5fb414a5 elementor-section-boxed elementor-section-height-default elementor-section-height-default\" data-id=\"5fb414a5\" data-element_type=\"section\" data-e-type=\"section\">\n\t\t\t\t\t\t<div class=\"elementor-container elementor-column-gap-default\">\n\t\t\t\t\t<div class=\"elementor-column elementor-col-100 elementor-top-column elementor-element elementor-element-3fb309f1\" data-id=\"3fb309f1\" data-element_type=\"column\" data-e-type=\"column\">\n\t\t\t<div class=\"elementor-widget-wrap elementor-element-populated\">\n\t\t\t\t\t\t<div class=\"elementor-element elementor-element-5bffa118 elementor-widget elementor-widget-heading\" data-id=\"5bffa118\" data-element_type=\"widget\" data-e-type=\"widget\" data-widget_type=\"heading.default\">\n\t\t\t\t<div class=\"elementor-widget-container\">\n\t\t\t\t\t<h2 class=\"elementor-heading-title elementor-size-default\">Presskontakt<\/h2>\t\t\t\t<\/div>\n\t\t\t\t<\/div>\n\t\t\t\t\t<\/div>\n\t\t<\/div>\n\t\t\t\t\t<\/div>\n\t\t<\/section>\n\t\t\t\t<section class=\"elementor-section elementor-top-section elementor-element elementor-element-10b1a676 elementor-section-boxed elementor-section-height-default elementor-section-height-default\" data-id=\"10b1a676\" data-element_type=\"section\" data-e-type=\"section\">\n\t\t\t\t\t\t<div class=\"elementor-container elementor-column-gap-no\">\n\t\t\t\t\t<div class=\"elementor-column elementor-col-50 elementor-top-column elementor-element elementor-element-43e29640 elementor-invisible\" data-id=\"43e29640\" data-element_type=\"column\" data-e-type=\"column\" data-settings=\"{&quot;animation&quot;:&quot;fadeInUp&quot;}\">\n\t\t\t<div class=\"elementor-widget-wrap elementor-element-populated\">\n\t\t\t\t\t\t<div class=\"elementor-element elementor-element-7a5df023 elementor-widget-divider--view-line elementor-widget elementor-widget-divider\" data-id=\"7a5df023\" data-element_type=\"widget\" data-e-type=\"widget\" data-widget_type=\"divider.default\">\n\t\t\t\t<div class=\"elementor-widget-container\">\n\t\t\t\t\t\t\t<div class=\"elementor-divider\">\n\t\t\t<span class=\"elementor-divider-separator\">\n\t\t\t\t\t\t<\/span>\n\t\t<\/div>\n\t\t\t\t\t\t<\/div>\n\t\t\t\t<\/div>\n\t\t\t\t<div class=\"elementor-element elementor-element-2daaa490 elementor-widget elementor-widget-text-editor\" data-id=\"2daaa490\" data-element_type=\"widget\" data-e-type=\"widget\" data-widget_type=\"text-editor.default\">\n\t\t\t\t<div class=\"elementor-widget-container\">\n\t\t\t\t\t\t\t\t\t<p><strong>Kontaktperson:<br \/><\/strong>Tytte Julin<br \/><a href=\"mailto:tytte.julin@birgitnilsson.com\">tytte.julin@birgitnilsson.com<\/a><br \/>Tel: +46 (0)707860096<\/p><p>\u00a0<\/p><p><strong>\u00a0<\/strong><\/p>\t\t\t\t\t\t\t\t<\/div>\n\t\t\t\t<\/div>\n\t\t\t\t<div class=\"elementor-element elementor-element-1c7bc4d9 elementor-widget elementor-widget-text-editor\" data-id=\"1c7bc4d9\" data-element_type=\"widget\" data-e-type=\"widget\" data-widget_type=\"text-editor.default\">\n\t\t\t\t<div class=\"elementor-widget-container\">\n\t\t\t\t\t\t\t\t\t<p><strong>Presskontakt:<br \/><\/strong>Torbj\u00f6rn Eriksson<strong><br \/><\/strong>Tel: +46 (0)70634 43 53<\/p>\t\t\t\t\t\t\t\t<\/div>\n\t\t\t\t<\/div>\n\t\t\t\t\t<\/div>\n\t\t<\/div>\n\t\t\t\t<div class=\"elementor-column elementor-col-50 elementor-top-column elementor-element elementor-element-2e472ab elementor-invisible\" data-id=\"2e472ab\" data-element_type=\"column\" data-e-type=\"column\" data-settings=\"{&quot;animation&quot;:&quot;fadeInUp&quot;}\">\n\t\t\t<div class=\"elementor-widget-wrap elementor-element-populated\">\n\t\t\t\t\t\t<div class=\"elementor-element elementor-element-29ead0e6 elementor-widget-divider--view-line elementor-widget elementor-widget-divider\" data-id=\"29ead0e6\" data-element_type=\"widget\" data-e-type=\"widget\" data-widget_type=\"divider.default\">\n\t\t\t\t<div class=\"elementor-widget-container\">\n\t\t\t\t\t\t\t<div class=\"elementor-divider\">\n\t\t\t<span class=\"elementor-divider-separator\">\n\t\t\t\t\t\t<\/span>\n\t\t<\/div>\n\t\t\t\t\t\t<\/div>\n\t\t\t\t<\/div>\n\t\t\t\t<div class=\"elementor-element elementor-element-2ade2173 elementor-widget elementor-widget-text-editor\" data-id=\"2ade2173\" data-element_type=\"widget\" data-e-type=\"widget\" data-widget_type=\"text-editor.default\">\n\t\t\t\t<div class=\"elementor-widget-container\">\n\t\t\t\t\t\t\t\t\t<p><strong>Internationell presskontakt<\/strong><\/p>\t\t\t\t\t\t\t\t<\/div>\n\t\t\t\t<\/div>\n\t\t\t\t<div class=\"elementor-element elementor-element-379eaf46 elementor-widget elementor-widget-text-editor\" data-id=\"379eaf46\" data-element_type=\"widget\" data-e-type=\"widget\" data-widget_type=\"text-editor.default\">\n\t\t\t\t<div class=\"elementor-widget-container\">\n\t\t\t\t\t\t\t\t\t<p><a href=\"mailto:masterclass@birgitnilsson.com\">masterclass@birgitnilsson.com<\/a><\/p>\t\t\t\t\t\t\t\t<\/div>\n\t\t\t\t<\/div>\n\t\t\t\t\t<\/div>\n\t\t<\/div>\n\t\t\t\t\t<\/div>\n\t\t<\/section>\n\t\t\t\t<section class=\"elementor-section elementor-top-section elementor-element elementor-element-67a3da74 gold elementor-section-boxed elementor-section-height-default elementor-section-height-default\" data-id=\"67a3da74\" data-element_type=\"section\" data-e-type=\"section\">\n\t\t\t\t\t\t<div class=\"elementor-container elementor-column-gap-no\">\n\t\t\t\t\t<div class=\"elementor-column elementor-col-100 elementor-top-column elementor-element elementor-element-1ef856f6\" data-id=\"1ef856f6\" data-element_type=\"column\" data-e-type=\"column\">\n\t\t\t<div class=\"elementor-widget-wrap elementor-element-populated\">\n\t\t\t\t\t\t<div class=\"elementor-element elementor-element-240719a8 elementor-widget-divider--view-line elementor-widget elementor-widget-divider\" data-id=\"240719a8\" data-element_type=\"widget\" data-e-type=\"widget\" data-widget_type=\"divider.default\">\n\t\t\t\t<div class=\"elementor-widget-container\">\n\t\t\t\t\t\t\t<div class=\"elementor-divider\">\n\t\t\t<span class=\"elementor-divider-separator\">\n\t\t\t\t\t\t<\/span>\n\t\t<\/div>\n\t\t\t\t\t\t<\/div>\n\t\t\t\t<\/div>\n\t\t\t\t\t<\/div>\n\t\t<\/div>\n\t\t\t\t\t<\/div>\n\t\t<\/section>\n\t\t\t\t<section class=\"elementor-section elementor-top-section elementor-element elementor-element-11d63ef4 elementor-section-boxed elementor-section-height-default elementor-section-height-default elementor-invisible\" data-id=\"11d63ef4\" data-element_type=\"section\" data-e-type=\"section\" data-settings=\"{&quot;animation&quot;:&quot;fadeInUp&quot;}\">\n\t\t\t\t\t\t<div class=\"elementor-container elementor-column-gap-no\">\n\t\t\t\t\t<div class=\"elementor-column elementor-col-100 elementor-top-column elementor-element elementor-element-718380fc\" data-id=\"718380fc\" data-element_type=\"column\" data-e-type=\"column\">\n\t\t\t<div class=\"elementor-widget-wrap elementor-element-populated\">\n\t\t\t\t\t\t<div class=\"elementor-element elementor-element-1c5451b5 elementor-widget elementor-widget-heading\" data-id=\"1c5451b5\" data-element_type=\"widget\" data-e-type=\"widget\" data-widget_type=\"heading.default\">\n\t\t\t\t<div class=\"elementor-widget-container\">\n\t\t\t\t\t<h2 class=\"elementor-heading-title elementor-size-default\">Bilder<\/h2>\t\t\t\t<\/div>\n\t\t\t\t<\/div>\n\t\t\t\t<div class=\"elementor-element elementor-element-610aff0d elementor-widget elementor-widget-text-editor\" data-id=\"610aff0d\" data-element_type=\"widget\" data-e-type=\"widget\" data-widget_type=\"text-editor.default\">\n\t\t\t\t<div class=\"elementor-widget-container\">\n\t\t\t\t\t\t\t\t\t<p>Mats B\u00e4cker (Stockholm), Bayreuther Festspiele, Beth Bergman (New York), Robert Cahen (San Francisco), Fotostudio Fayer (Vienna), Siegfried Lauterwasser (\u00dcberlingen), Enar Merkel (Ry\u00add\u00adberg), Louis P\u00e9res, Gunilla Hoven\u00e4s (B\u00e5stad)<\/p>\t\t\t\t\t\t\t\t<\/div>\n\t\t\t\t<\/div>\n\t\t\t\t\t<\/div>\n\t\t<\/div>\n\t\t\t\t\t<\/div>\n\t\t<\/section>\n\t\t\t\t<section class=\"elementor-section elementor-top-section elementor-element elementor-element-6fcaaea1 elementor-section-height-min-height elementor-section-boxed elementor-section-height-default elementor-section-items-middle\" data-id=\"6fcaaea1\" data-element_type=\"section\" data-e-type=\"section\">\n\t\t\t\t\t\t<div class=\"elementor-container elementor-column-gap-no\">\n\t\t\t\t\t<div class=\"elementor-column elementor-col-100 elementor-top-column elementor-element elementor-element-7de1f19d\" data-id=\"7de1f19d\" data-element_type=\"column\" data-e-type=\"column\">\n\t\t\t<div class=\"elementor-widget-wrap\">\n\t\t\t\t\t\t\t<\/div>\n\t\t<\/div>\n\t\t\t\t\t<\/div>\n\t\t<\/section>\n\t\t\t\t<\/div>\n\t\t","protected":false},"excerpt":{"rendered":"<p>Presskontakt Kontaktperson:Tytte Julintytte.julin@birgitnilsson.comTel: +46 (0)707860096 \u00a0 \u00a0 Presskontakt:Torbj\u00f6rn ErikssonTel: +46 (0)70634 43 53 Internationell presskontakt masterclass@birgitnilsson.com Bilder Mats B\u00e4cker (Stockholm), Bayreuther Festspiele, Beth Bergman (New York), Robert Cahen (San Francisco), Fotostudio Fayer (Vienna), Siegfried Lauterwasser (\u00dcberlingen), Enar Merkel (Ry\u00add\u00adberg), Louis P\u00e9res, Gunilla Hoven\u00e4s (B\u00e5stad)<\/p>\n","protected":false},"author":1,"featured_media":0,"parent":0,"menu_order":0,"comment_status":"closed","ping_status":"closed","template":"","meta":{"_acf_changed":false,"ocean_post_layout":"","ocean_both_sidebars_style":"","ocean_both_sidebars_content_width":0,"ocean_both_sidebars_sidebars_width":0,"ocean_sidebar":"0","ocean_second_sidebar":"0","ocean_disable_margins":"enable","ocean_add_body_class":"","ocean_shortcode_before_top_bar":"","ocean_shortcode_after_top_bar":"","ocean_shortcode_before_header":"","ocean_shortcode_after_header":"","ocean_has_shortcode":"","ocean_shortcode_after_title":"","ocean_shortcode_before_footer_widgets":"","ocean_shortcode_after_footer_widgets":"","ocean_shortcode_before_footer_bottom":"","ocean_shortcode_after_footer_bottom":"","ocean_display_top_bar":"default","ocean_display_header":"default","ocean_header_style":"","ocean_center_header_left_menu":"0","ocean_custom_header_template":"0","ocean_custom_logo":0,"ocean_custom_retina_logo":0,"ocean_custom_logo_max_width":0,"ocean_custom_logo_tablet_max_width":0,"ocean_custom_logo_mobile_max_width":0,"ocean_custom_logo_max_height":0,"ocean_custom_logo_tablet_max_height":0,"ocean_custom_logo_mobile_max_height":0,"ocean_header_custom_menu":"0","ocean_menu_typo_font_family":"0","ocean_menu_typo_font_subset":"","ocean_menu_typo_font_size":0,"ocean_menu_typo_font_size_tablet":0,"ocean_menu_typo_font_size_mobile":0,"ocean_menu_typo_font_size_unit":"px","ocean_menu_typo_font_weight":"","ocean_menu_typo_font_weight_tablet":"","ocean_menu_typo_font_weight_mobile":"","ocean_menu_typo_transform":"","ocean_menu_typo_transform_tablet":"","ocean_menu_typo_transform_mobile":"","ocean_menu_typo_line_height":0,"ocean_menu_typo_line_height_tablet":0,"ocean_menu_typo_line_height_mobile":0,"ocean_menu_typo_line_height_unit":"","ocean_menu_typo_spacing":0,"ocean_menu_typo_spacing_tablet":0,"ocean_menu_typo_spacing_mobile":0,"ocean_menu_typo_spacing_unit":"","ocean_menu_link_color":"","ocean_menu_link_color_hover":"","ocean_menu_link_color_active":"","ocean_menu_link_background":"","ocean_menu_link_hover_background":"","ocean_menu_link_active_background":"","ocean_menu_social_links_bg":"","ocean_menu_social_hover_links_bg":"","ocean_menu_social_links_color":"","ocean_menu_social_hover_links_color":"","ocean_disable_title":"default","ocean_disable_heading":"default","ocean_post_title":"","ocean_post_subheading":"","ocean_post_title_style":"","ocean_post_title_background_color":"","ocean_post_title_background":0,"ocean_post_title_bg_image_position":"","ocean_post_title_bg_image_attachment":"","ocean_post_title_bg_image_repeat":"","ocean_post_title_bg_image_size":"","ocean_post_title_height":0,"ocean_post_title_bg_overlay":0.5,"ocean_post_title_bg_overlay_color":"","ocean_disable_breadcrumbs":"default","ocean_breadcrumbs_color":"","ocean_breadcrumbs_separator_color":"","ocean_breadcrumbs_links_color":"","ocean_breadcrumbs_links_hover_color":"","ocean_display_footer_widgets":"default","ocean_display_footer_bottom":"default","ocean_custom_footer_template":"0","footnotes":""},"class_list":["post-90","page","type-page","status-publish","hentry","entry"],"acf":[],"yoast_head":"<!-- This site is optimized with the Yoast SEO plugin v27.4 - https:\/\/yoast.com\/product\/yoast-seo-wordpress\/ -->\n<title>Kontakt - Birgit Nilsson Masterclass<\/title>\n<meta name=\"robots\" content=\"index, follow, max-snippet:-1, max-image-preview:large, max-video-preview:-1\" \/>\n<link rel=\"canonical\" href=\"https:\/\/birgitnilsson.com\/masterclass\/kontakt\/\" \/>\n<meta property=\"og:locale\" content=\"sv_SE\" \/>\n<meta property=\"og:type\" content=\"article\" \/>\n<meta property=\"og:title\" content=\"Kontakt - Birgit Nilsson Masterclass\" \/>\n<meta property=\"og:description\" content=\"Presskontakt Kontaktperson:Tytte Julintytte.julin@birgitnilsson.comTel: +46 (0)707860096 \u00a0 \u00a0 Presskontakt:Torbj\u00f6rn ErikssonTel: +46 (0)70634 43 53 Internationell presskontakt masterclass@birgitnilsson.com Bilder Mats B\u00e4cker (Stockholm), Bayreuther Festspiele, Beth Bergman (New York), Robert Cahen (San Francisco), Fotostudio Fayer (Vienna), Siegfried Lauterwasser (\u00dcberlingen), Enar Merkel (Ry\u00add\u00adberg), Louis P\u00e9res, Gunilla Hoven\u00e4s (B\u00e5stad)\" \/>\n<meta property=\"og:url\" content=\"https:\/\/birgitnilsson.com\/masterclass\/kontakt\/\" \/>\n<meta property=\"og:site_name\" content=\"Birgit Nilsson Masterclass\" \/>\n<meta property=\"article:modified_time\" content=\"2026-03-16T20:53:49+00:00\" \/>\n<meta name=\"twitter:card\" content=\"summary_large_image\" \/>\n<meta name=\"twitter:label1\" content=\"Ber\u00e4knad l\u00e4stid\" \/>\n\t<meta name=\"twitter:data1\" content=\"1 minut\" \/>\n<script type=\"application\/ld+json\" class=\"yoast-schema-graph\">{\"@context\":\"https:\\\/\\\/schema.org\",\"@graph\":[{\"@type\":\"WebPage\",\"@id\":\"https:\\\/\\\/birgitnilsson.com\\\/masterclass\\\/kontakt\\\/\",\"url\":\"https:\\\/\\\/birgitnilsson.com\\\/masterclass\\\/kontakt\\\/\",\"name\":\"Kontakt - Birgit Nilsson Masterclass\",\"isPartOf\":{\"@id\":\"https:\\\/\\\/birgitnilsson.com\\\/masterclass\\\/#website\"},\"datePublished\":\"2021-03-15T10:00:58+00:00\",\"dateModified\":\"2026-03-16T20:53:49+00:00\",\"breadcrumb\":{\"@id\":\"https:\\\/\\\/birgitnilsson.com\\\/masterclass\\\/kontakt\\\/#breadcrumb\"},\"inLanguage\":\"sv-SE\",\"potentialAction\":[{\"@type\":\"ReadAction\",\"target\":[\"https:\\\/\\\/birgitnilsson.com\\\/masterclass\\\/kontakt\\\/\"]}]},{\"@type\":\"BreadcrumbList\",\"@id\":\"https:\\\/\\\/birgitnilsson.com\\\/masterclass\\\/kontakt\\\/#breadcrumb\",\"itemListElement\":[{\"@type\":\"ListItem\",\"position\":1,\"name\":\"Hem\",\"item\":\"https:\\\/\\\/birgitnilsson.com\\\/masterclass\\\/\"},{\"@type\":\"ListItem\",\"position\":2,\"name\":\"Kontakt\"}]},{\"@type\":\"WebSite\",\"@id\":\"https:\\\/\\\/birgitnilsson.com\\\/masterclass\\\/#website\",\"url\":\"https:\\\/\\\/birgitnilsson.com\\\/masterclass\\\/\",\"name\":\"Birgit Nilsson Masterclass\",\"description\":\"The official website\",\"publisher\":{\"@id\":\"https:\\\/\\\/birgitnilsson.com\\\/masterclass\\\/#organization\"},\"potentialAction\":[{\"@type\":\"SearchAction\",\"target\":{\"@type\":\"EntryPoint\",\"urlTemplate\":\"https:\\\/\\\/birgitnilsson.com\\\/masterclass\\\/?s={search_term_string}\"},\"query-input\":{\"@type\":\"PropertyValueSpecification\",\"valueRequired\":true,\"valueName\":\"search_term_string\"}}],\"inLanguage\":\"sv-SE\"},{\"@type\":\"Organization\",\"@id\":\"https:\\\/\\\/birgitnilsson.com\\\/masterclass\\\/#organization\",\"name\":\"Birgit Nilsson Masterclass\",\"url\":\"https:\\\/\\\/birgitnilsson.com\\\/masterclass\\\/\",\"logo\":{\"@type\":\"ImageObject\",\"inLanguage\":\"sv-SE\",\"@id\":\"https:\\\/\\\/birgitnilsson.com\\\/masterclass\\\/#\\\/schema\\\/logo\\\/image\\\/\",\"url\":\"https:\\\/\\\/birgitnilsson.com\\\/masterclass\\\/wp-content\\\/uploads\\\/sites\\\/5\\\/2021\\\/03\\\/Birgit-Nilsson-logotype-light.png\",\"contentUrl\":\"https:\\\/\\\/birgitnilsson.com\\\/masterclass\\\/wp-content\\\/uploads\\\/sites\\\/5\\\/2021\\\/03\\\/Birgit-Nilsson-logotype-light.png\",\"width\":876,\"height\":387,\"caption\":\"Birgit Nilsson Masterclass\"},\"image\":{\"@id\":\"https:\\\/\\\/birgitnilsson.com\\\/masterclass\\\/#\\\/schema\\\/logo\\\/image\\\/\"}}]}<\/script>\n<!-- \/ Yoast SEO plugin. -->","yoast_head_json":{"title":"Kontakt - Birgit Nilsson Masterclass","robots":{"index":"index","follow":"follow","max-snippet":"max-snippet:-1","max-image-preview":"max-image-preview:large","max-video-preview":"max-video-preview:-1"},"canonical":"https:\/\/birgitnilsson.com\/masterclass\/kontakt\/","og_locale":"sv_SE","og_type":"article","og_title":"Kontakt - Birgit Nilsson Masterclass","og_description":"Presskontakt Kontaktperson:Tytte Julintytte.julin@birgitnilsson.comTel: +46 (0)707860096 \u00a0 \u00a0 Presskontakt:Torbj\u00f6rn ErikssonTel: +46 (0)70634 43 53 Internationell presskontakt masterclass@birgitnilsson.com Bilder Mats B\u00e4cker (Stockholm), Bayreuther Festspiele, Beth Bergman (New York), Robert Cahen (San Francisco), Fotostudio Fayer (Vienna), Siegfried Lauterwasser (\u00dcberlingen), Enar Merkel (Ry\u00add\u00adberg), Louis P\u00e9res, Gunilla Hoven\u00e4s (B\u00e5stad)","og_url":"https:\/\/birgitnilsson.com\/masterclass\/kontakt\/","og_site_name":"Birgit Nilsson Masterclass","article_modified_time":"2026-03-16T20:53:49+00:00","twitter_card":"summary_large_image","twitter_misc":{"Ber\u00e4knad l\u00e4stid":"1 minut"},"schema":{"@context":"https:\/\/schema.org","@graph":[{"@type":"WebPage","@id":"https:\/\/birgitnilsson.com\/masterclass\/kontakt\/","url":"https:\/\/birgitnilsson.com\/masterclass\/kontakt\/","name":"Kontakt - Birgit Nilsson Masterclass","isPartOf":{"@id":"https:\/\/birgitnilsson.com\/masterclass\/#website"},"datePublished":"2021-03-15T10:00:58+00:00","dateModified":"2026-03-16T20:53:49+00:00","breadcrumb":{"@id":"https:\/\/birgitnilsson.com\/masterclass\/kontakt\/#breadcrumb"},"inLanguage":"sv-SE","potentialAction":[{"@type":"ReadAction","target":["https:\/\/birgitnilsson.com\/masterclass\/kontakt\/"]}]},{"@type":"BreadcrumbList","@id":"https:\/\/birgitnilsson.com\/masterclass\/kontakt\/#breadcrumb","itemListElement":[{"@type":"ListItem","position":1,"name":"Hem","item":"https:\/\/birgitnilsson.com\/masterclass\/"},{"@type":"ListItem","position":2,"name":"Kontakt"}]},{"@type":"WebSite","@id":"https:\/\/birgitnilsson.com\/masterclass\/#website","url":"https:\/\/birgitnilsson.com\/masterclass\/","name":"Birgit Nilsson Masterclass","description":"The official website","publisher":{"@id":"https:\/\/birgitnilsson.com\/masterclass\/#organization"},"potentialAction":[{"@type":"SearchAction","target":{"@type":"EntryPoint","urlTemplate":"https:\/\/birgitnilsson.com\/masterclass\/?s={search_term_string}"},"query-input":{"@type":"PropertyValueSpecification","valueRequired":true,"valueName":"search_term_string"}}],"inLanguage":"sv-SE"},{"@type":"Organization","@id":"https:\/\/birgitnilsson.com\/masterclass\/#organization","name":"Birgit Nilsson Masterclass","url":"https:\/\/birgitnilsson.com\/masterclass\/","logo":{"@type":"ImageObject","inLanguage":"sv-SE","@id":"https:\/\/birgitnilsson.com\/masterclass\/#\/schema\/logo\/image\/","url":"https:\/\/birgitnilsson.com\/masterclass\/wp-content\/uploads\/sites\/5\/2021\/03\/Birgit-Nilsson-logotype-light.png","contentUrl":"https:\/\/birgitnilsson.com\/masterclass\/wp-content\/uploads\/sites\/5\/2021\/03\/Birgit-Nilsson-logotype-light.png","width":876,"height":387,"caption":"Birgit Nilsson Masterclass"},"image":{"@id":"https:\/\/birgitnilsson.com\/masterclass\/#\/schema\/logo\/image\/"}}]}},"_links":{"self":[{"href":"https:\/\/birgitnilsson.com\/masterclass\/wp-json\/wp\/v2\/pages\/90","targetHints":{"allow":["GET"]}}],"collection":[{"href":"https:\/\/birgitnilsson.com\/masterclass\/wp-json\/wp\/v2\/pages"}],"about":[{"href":"https:\/\/birgitnilsson.com\/masterclass\/wp-json\/wp\/v2\/types\/page"}],"author":[{"embeddable":true,"href":"https:\/\/birgitnilsson.com\/masterclass\/wp-json\/wp\/v2\/users\/1"}],"replies":[{"embeddable":true,"href":"https:\/\/birgitnilsson.com\/masterclass\/wp-json\/wp\/v2\/comments?post=90"}],"version-history":[{"count":112,"href":"https:\/\/birgitnilsson.com\/masterclass\/wp-json\/wp\/v2\/pages\/90\/revisions"}],"predecessor-version":[{"id":1520,"href":"https:\/\/birgitnilsson.com\/masterclass\/wp-json\/wp\/v2\/pages\/90\/revisions\/1520"}],"wp:attachment":[{"href":"https:\/\/birgitnilsson.com\/masterclass\/wp-json\/wp\/v2\/media?parent=90"}],"curies":[{"name":"wp","href":"https:\/\/api.w.org\/{rel}","templated":true}]}}