{"id":124,"date":"2021-03-15T10:00:58","date_gmt":"2021-03-15T10:00:58","guid":{"rendered":"http:\/\/birgitnilsson.com\/masterclass\/?page_id=124"},"modified":"2026-03-16T21:52:05","modified_gmt":"2026-03-16T20:52:05","slug":"contact","status":"publish","type":"page","link":"https:\/\/birgitnilsson.com\/masterclass\/en\/contact\/","title":{"rendered":"Contact"},"content":{"rendered":"\t\t<div data-elementor-type=\"wp-page\" data-elementor-id=\"124\" class=\"elementor elementor-124\">\n\t\t\t\t\t\t<section class=\"elementor-section elementor-top-section elementor-element elementor-element-7ac39bad elementor-section-boxed elementor-section-height-default elementor-section-height-default\" data-id=\"7ac39bad\" data-element_type=\"section\" data-e-type=\"section\">\n\t\t\t\t\t\t<div class=\"elementor-container elementor-column-gap-no\">\n\t\t\t\t\t<div class=\"elementor-column elementor-col-100 elementor-top-column elementor-element elementor-element-3c2bb1d4\" data-id=\"3c2bb1d4\" data-element_type=\"column\" data-e-type=\"column\">\n\t\t\t<div class=\"elementor-widget-wrap elementor-element-populated\">\n\t\t\t\t\t\t<div class=\"elementor-element elementor-element-247376e4 elementor-widget elementor-widget-heading\" data-id=\"247376e4\" data-element_type=\"widget\" data-e-type=\"widget\" data-widget_type=\"heading.default\">\n\t\t\t\t<div class=\"elementor-widget-container\">\n\t\t\t\t\t<h2 class=\"elementor-heading-title elementor-size-default\">Media Contacts<\/h2>\t\t\t\t<\/div>\n\t\t\t\t<\/div>\n\t\t\t\t\t<\/div>\n\t\t<\/div>\n\t\t\t\t\t<\/div>\n\t\t<\/section>\n\t\t\t\t<section class=\"elementor-section elementor-top-section elementor-element elementor-element-2872ba8 elementor-section-boxed elementor-section-height-default elementor-section-height-default\" data-id=\"2872ba8\" data-element_type=\"section\" data-e-type=\"section\">\n\t\t\t\t\t\t<div class=\"elementor-container elementor-column-gap-no\">\n\t\t\t\t\t<div class=\"elementor-column elementor-col-50 elementor-top-column elementor-element elementor-element-518b0721 elementor-invisible\" data-id=\"518b0721\" data-element_type=\"column\" data-e-type=\"column\" data-settings=\"{&quot;animation&quot;:&quot;fadeInUp&quot;}\">\n\t\t\t<div class=\"elementor-widget-wrap elementor-element-populated\">\n\t\t\t\t\t\t<div class=\"elementor-element elementor-element-1b20b2c4 elementor-widget-divider--view-line elementor-widget elementor-widget-divider\" data-id=\"1b20b2c4\" data-element_type=\"widget\" data-e-type=\"widget\" data-widget_type=\"divider.default\">\n\t\t\t\t<div class=\"elementor-widget-container\">\n\t\t\t\t\t\t\t<div class=\"elementor-divider\">\n\t\t\t<span class=\"elementor-divider-separator\">\n\t\t\t\t\t\t<\/span>\n\t\t<\/div>\n\t\t\t\t\t\t<\/div>\n\t\t\t\t<\/div>\n\t\t\t\t<div class=\"elementor-element elementor-element-2854bd48 elementor-widget elementor-widget-text-editor\" data-id=\"2854bd48\" data-element_type=\"widget\" data-e-type=\"widget\" data-widget_type=\"text-editor.default\">\n\t\t\t\t<div class=\"elementor-widget-container\">\n\t\t\t\t\t\t\t\t\t<p><strong>General media<\/strong><\/p>\t\t\t\t\t\t\t\t<\/div>\n\t\t\t\t<\/div>\n\t\t\t\t<div class=\"elementor-element elementor-element-48287d0b elementor-widget elementor-widget-text-editor\" data-id=\"48287d0b\" data-element_type=\"widget\" data-e-type=\"widget\" data-widget_type=\"text-editor.default\">\n\t\t\t\t<div class=\"elementor-widget-container\">\n\t\t\t\t\t\t\t\t\t<p>Tytte Julin<strong><br \/><\/strong>Tel: +46 (0)707860096<br \/><a href=\"mailto:masterclass@birgitnilsson.com\">masterclass@birgitnilsson.com<\/a><\/p><p>\u00a0<\/p><p>Press contact:<br \/>Torbj\u00f6rn Eriksson<br \/>Tel: +46 (0)70634 43 53<span class=\"Apple-converted-space\">\u00a0<\/span><\/p>\t\t\t\t\t\t\t\t<\/div>\n\t\t\t\t<\/div>\n\t\t\t\t\t<\/div>\n\t\t<\/div>\n\t\t\t\t<div class=\"elementor-column elementor-col-50 elementor-top-column elementor-element elementor-element-669346d4 elementor-invisible\" data-id=\"669346d4\" data-element_type=\"column\" data-e-type=\"column\" data-settings=\"{&quot;animation&quot;:&quot;fadeInUp&quot;}\">\n\t\t\t<div class=\"elementor-widget-wrap elementor-element-populated\">\n\t\t\t\t\t\t<div class=\"elementor-element elementor-element-7fa931e0 elementor-widget-divider--view-line elementor-widget elementor-widget-divider\" data-id=\"7fa931e0\" data-element_type=\"widget\" data-e-type=\"widget\" data-widget_type=\"divider.default\">\n\t\t\t\t<div class=\"elementor-widget-container\">\n\t\t\t\t\t\t\t<div class=\"elementor-divider\">\n\t\t\t<span class=\"elementor-divider-separator\">\n\t\t\t\t\t\t<\/span>\n\t\t<\/div>\n\t\t\t\t\t\t<\/div>\n\t\t\t\t<\/div>\n\t\t\t\t<div class=\"elementor-element elementor-element-472c6f8c elementor-widget elementor-widget-text-editor\" data-id=\"472c6f8c\" data-element_type=\"widget\" data-e-type=\"widget\" data-widget_type=\"text-editor.default\">\n\t\t\t\t<div class=\"elementor-widget-container\">\n\t\t\t\t\t\t\t\t\t<p><strong>International music press<\/strong><\/p>\t\t\t\t\t\t\t\t<\/div>\n\t\t\t\t<\/div>\n\t\t\t\t<div class=\"elementor-element elementor-element-6af9ba09 elementor-widget elementor-widget-text-editor\" data-id=\"6af9ba09\" data-element_type=\"widget\" data-e-type=\"widget\" data-widget_type=\"text-editor.default\">\n\t\t\t\t<div class=\"elementor-widget-container\">\n\t\t\t\t\t\t\t\t\t<p><a href=\"mailto:masterclass@birgitnilsson.com\">masterclass@birgitnilsson.com<\/a><\/p>\t\t\t\t\t\t\t\t<\/div>\n\t\t\t\t<\/div>\n\t\t\t\t\t<\/div>\n\t\t<\/div>\n\t\t\t\t\t<\/div>\n\t\t<\/section>\n\t\t\t\t<section class=\"elementor-section elementor-top-section elementor-element elementor-element-ea8222f gold elementor-section-boxed elementor-section-height-default elementor-section-height-default\" data-id=\"ea8222f\" data-element_type=\"section\" data-e-type=\"section\">\n\t\t\t\t\t\t<div class=\"elementor-container elementor-column-gap-no\">\n\t\t\t\t\t<div class=\"elementor-column elementor-col-100 elementor-top-column elementor-element elementor-element-7104b8cd\" data-id=\"7104b8cd\" data-element_type=\"column\" data-e-type=\"column\">\n\t\t\t<div class=\"elementor-widget-wrap elementor-element-populated\">\n\t\t\t\t\t\t<div class=\"elementor-element elementor-element-7b0c4dfa elementor-widget-divider--view-line elementor-widget elementor-widget-divider\" data-id=\"7b0c4dfa\" data-element_type=\"widget\" data-e-type=\"widget\" data-widget_type=\"divider.default\">\n\t\t\t\t<div class=\"elementor-widget-container\">\n\t\t\t\t\t\t\t<div class=\"elementor-divider\">\n\t\t\t<span class=\"elementor-divider-separator\">\n\t\t\t\t\t\t<\/span>\n\t\t<\/div>\n\t\t\t\t\t\t<\/div>\n\t\t\t\t<\/div>\n\t\t\t\t\t<\/div>\n\t\t<\/div>\n\t\t\t\t\t<\/div>\n\t\t<\/section>\n\t\t\t\t<section class=\"elementor-section elementor-top-section elementor-element elementor-element-7fcfa35d elementor-section-boxed elementor-section-height-default elementor-section-height-default elementor-invisible\" data-id=\"7fcfa35d\" data-element_type=\"section\" data-e-type=\"section\" data-settings=\"{&quot;animation&quot;:&quot;fadeInUp&quot;}\">\n\t\t\t\t\t\t<div class=\"elementor-container elementor-column-gap-no\">\n\t\t\t\t\t<div class=\"elementor-column elementor-col-100 elementor-top-column elementor-element elementor-element-3f58185e\" data-id=\"3f58185e\" data-element_type=\"column\" data-e-type=\"column\">\n\t\t\t<div class=\"elementor-widget-wrap elementor-element-populated\">\n\t\t\t\t\t\t<div class=\"elementor-element elementor-element-1d58a9bd elementor-widget elementor-widget-heading\" data-id=\"1d58a9bd\" data-element_type=\"widget\" data-e-type=\"widget\" data-widget_type=\"heading.default\">\n\t\t\t\t<div class=\"elementor-widget-container\">\n\t\t\t\t\t<h2 class=\"elementor-heading-title elementor-size-default\">Image credits<\/h2>\t\t\t\t<\/div>\n\t\t\t\t<\/div>\n\t\t\t\t<div class=\"elementor-element elementor-element-17a8bf63 elementor-widget elementor-widget-text-editor\" data-id=\"17a8bf63\" data-element_type=\"widget\" data-e-type=\"widget\" data-widget_type=\"text-editor.default\">\n\t\t\t\t<div class=\"elementor-widget-container\">\n\t\t\t\t\t\t\t\t\t<div class=\"elementor-element elementor-element-4e16540d elementor-widget elementor-widget-heading\" data-id=\"4e16540d\" data-element_type=\"widget\" data-widget_type=\"heading.default\"><div class=\"elementor-widget-container\"><p class=\"elementor-heading-title elementor-size-default\">\u00a0<\/p><\/div><\/div><div class=\"elementor-element elementor-element-d112384 elementor-widget elementor-widget-text-editor\" data-id=\"d112384\" data-element_type=\"widget\" data-widget_type=\"text-editor.default\"><div class=\"elementor-widget-container\"><p>Mats B\u00e4cker (Stockholm), Bayreuther Festspiele, Beth Bergman (New York), Robert Cahen (San Francisco), Fotostudio Fayer (Vienna), Siegfried Lauterwasser (\u00dcberlingen), Enar Merkel (Ry\u00add\u00adberg), Louis P\u00e9res, Gunilla Hoven\u00e4s (B\u00e5stad)<\/p><\/div><\/div>\t\t\t\t\t\t\t\t<\/div>\n\t\t\t\t<\/div>\n\t\t\t\t\t<\/div>\n\t\t<\/div>\n\t\t\t\t\t<\/div>\n\t\t<\/section>\n\t\t\t\t<section class=\"elementor-section elementor-top-section elementor-element elementor-element-5a3e6258 elementor-section-height-min-height elementor-section-boxed elementor-section-height-default elementor-section-items-middle\" data-id=\"5a3e6258\" data-element_type=\"section\" data-e-type=\"section\">\n\t\t\t\t\t\t<div class=\"elementor-container elementor-column-gap-no\">\n\t\t\t\t\t<div class=\"elementor-column elementor-col-100 elementor-top-column elementor-element elementor-element-70d58491\" data-id=\"70d58491\" data-element_type=\"column\" data-e-type=\"column\">\n\t\t\t<div class=\"elementor-widget-wrap\">\n\t\t\t\t\t\t\t<\/div>\n\t\t<\/div>\n\t\t\t\t\t<\/div>\n\t\t<\/section>\n\t\t\t\t<\/div>\n\t\t","protected":false},"excerpt":{"rendered":"<p>Media Contacts General media Tytte JulinTel: +46 (0)707860096masterclass@birgitnilsson.com \u00a0 Press contact:Torbj\u00f6rn ErikssonTel: +46 (0)70634 43 53\u00a0 International music press masterclass@birgitnilsson.com Image credits \u00a0 Mats B\u00e4cker (Stockholm), Bayreuther Festspiele, Beth Bergman (New York), Robert Cahen (San Francisco), Fotostudio Fayer (Vienna), Siegfried Lauterwasser (\u00dcberlingen), Enar Merkel (Ry\u00add\u00adberg), Louis P\u00e9res, Gunilla Hoven\u00e4s (B\u00e5stad)<\/p>\n","protected":false},"author":1,"featured_media":0,"parent":0,"menu_order":0,"comment_status":"closed","ping_status":"closed","template":"","meta":{"_acf_changed":false,"ocean_post_layout":"","ocean_both_sidebars_style":"","ocean_both_sidebars_content_width":0,"ocean_both_sidebars_sidebars_width":0,"ocean_sidebar":"0","ocean_second_sidebar":"0","ocean_disable_margins":"enable","ocean_add_body_class":"","ocean_shortcode_before_top_bar":"","ocean_shortcode_after_top_bar":"","ocean_shortcode_before_header":"","ocean_shortcode_after_header":"","ocean_has_shortcode":"","ocean_shortcode_after_title":"","ocean_shortcode_before_footer_widgets":"","ocean_shortcode_after_footer_widgets":"","ocean_shortcode_before_footer_bottom":"","ocean_shortcode_after_footer_bottom":"","ocean_display_top_bar":"default","ocean_display_header":"default","ocean_header_style":"","ocean_center_header_left_menu":"0","ocean_custom_header_template":"0","ocean_custom_logo":0,"ocean_custom_retina_logo":0,"ocean_custom_logo_max_width":0,"ocean_custom_logo_tablet_max_width":0,"ocean_custom_logo_mobile_max_width":0,"ocean_custom_logo_max_height":0,"ocean_custom_logo_tablet_max_height":0,"ocean_custom_logo_mobile_max_height":0,"ocean_header_custom_menu":"0","ocean_menu_typo_font_family":"0","ocean_menu_typo_font_subset":"","ocean_menu_typo_font_size":0,"ocean_menu_typo_font_size_tablet":0,"ocean_menu_typo_font_size_mobile":0,"ocean_menu_typo_font_size_unit":"px","ocean_menu_typo_font_weight":"","ocean_menu_typo_font_weight_tablet":"","ocean_menu_typo_font_weight_mobile":"","ocean_menu_typo_transform":"","ocean_menu_typo_transform_tablet":"","ocean_menu_typo_transform_mobile":"","ocean_menu_typo_line_height":0,"ocean_menu_typo_line_height_tablet":0,"ocean_menu_typo_line_height_mobile":0,"ocean_menu_typo_line_height_unit":"","ocean_menu_typo_spacing":0,"ocean_menu_typo_spacing_tablet":0,"ocean_menu_typo_spacing_mobile":0,"ocean_menu_typo_spacing_unit":"","ocean_menu_link_color":"","ocean_menu_link_color_hover":"","ocean_menu_link_color_active":"","ocean_menu_link_background":"","ocean_menu_link_hover_background":"","ocean_menu_link_active_background":"","ocean_menu_social_links_bg":"","ocean_menu_social_hover_links_bg":"","ocean_menu_social_links_color":"","ocean_menu_social_hover_links_color":"","ocean_disable_title":"default","ocean_disable_heading":"default","ocean_post_title":"","ocean_post_subheading":"","ocean_post_title_style":"","ocean_post_title_background_color":"","ocean_post_title_background":0,"ocean_post_title_bg_image_position":"","ocean_post_title_bg_image_attachment":"","ocean_post_title_bg_image_repeat":"","ocean_post_title_bg_image_size":"","ocean_post_title_height":0,"ocean_post_title_bg_overlay":0.5,"ocean_post_title_bg_overlay_color":"","ocean_disable_breadcrumbs":"default","ocean_breadcrumbs_color":"","ocean_breadcrumbs_separator_color":"","ocean_breadcrumbs_links_color":"","ocean_breadcrumbs_links_hover_color":"","ocean_display_footer_widgets":"default","ocean_display_footer_bottom":"default","ocean_custom_footer_template":"0","footnotes":""},"class_list":["post-124","page","type-page","status-publish","hentry","entry"],"acf":[],"yoast_head":"<!-- This site is optimized with the Yoast SEO plugin v27.2 - https:\/\/yoast.com\/product\/yoast-seo-wordpress\/ -->\n<title>Contact - Birgit Nilsson Masterclass<\/title>\n<meta name=\"robots\" content=\"index, follow, max-snippet:-1, max-image-preview:large, max-video-preview:-1\" \/>\n<link rel=\"canonical\" href=\"https:\/\/birgitnilsson.com\/masterclass\/en\/contact\/\" \/>\n<meta property=\"og:locale\" content=\"sv_SE\" \/>\n<meta property=\"og:type\" content=\"article\" \/>\n<meta property=\"og:title\" content=\"Contact - Birgit Nilsson Masterclass\" \/>\n<meta property=\"og:description\" content=\"Media Contacts General media Tytte JulinTel: +46 (0)707860096masterclass@birgitnilsson.com \u00a0 Press contact:Torbj\u00f6rn ErikssonTel: +46 (0)70634 43 53\u00a0 International music press masterclass@birgitnilsson.com Image credits \u00a0 Mats B\u00e4cker (Stockholm), Bayreuther Festspiele, Beth Bergman (New York), Robert Cahen (San Francisco), Fotostudio Fayer (Vienna), Siegfried Lauterwasser (\u00dcberlingen), Enar Merkel (Ry\u00add\u00adberg), Louis P\u00e9res, Gunilla Hoven\u00e4s (B\u00e5stad)\" \/>\n<meta property=\"og:url\" content=\"https:\/\/birgitnilsson.com\/masterclass\/en\/contact\/\" \/>\n<meta property=\"og:site_name\" content=\"Birgit Nilsson Masterclass\" \/>\n<meta property=\"article:modified_time\" content=\"2026-03-16T20:52:05+00:00\" \/>\n<meta name=\"twitter:card\" content=\"summary_large_image\" \/>\n<meta name=\"twitter:label1\" content=\"Ber\u00e4knad l\u00e4stid\" \/>\n\t<meta name=\"twitter:data1\" content=\"1 minut\" \/>\n<script type=\"application\/ld+json\" class=\"yoast-schema-graph\">{\"@context\":\"https:\/\/schema.org\",\"@graph\":[{\"@type\":\"WebPage\",\"@id\":\"https:\/\/birgitnilsson.com\/masterclass\/en\/contact\/\",\"url\":\"https:\/\/birgitnilsson.com\/masterclass\/en\/contact\/\",\"name\":\"Contact - Birgit Nilsson Masterclass\",\"isPartOf\":{\"@id\":\"https:\/\/birgitnilsson.com\/masterclass\/#website\"},\"datePublished\":\"2021-03-15T10:00:58+00:00\",\"dateModified\":\"2026-03-16T20:52:05+00:00\",\"breadcrumb\":{\"@id\":\"https:\/\/birgitnilsson.com\/masterclass\/en\/contact\/#breadcrumb\"},\"inLanguage\":\"sv-SE\",\"potentialAction\":[{\"@type\":\"ReadAction\",\"target\":[\"https:\/\/birgitnilsson.com\/masterclass\/en\/contact\/\"]}]},{\"@type\":\"BreadcrumbList\",\"@id\":\"https:\/\/birgitnilsson.com\/masterclass\/en\/contact\/#breadcrumb\",\"itemListElement\":[{\"@type\":\"ListItem\",\"position\":1,\"name\":\"Hem\",\"item\":\"https:\/\/birgitnilsson.com\/masterclass\/\"},{\"@type\":\"ListItem\",\"position\":2,\"name\":\"Contact\"}]},{\"@type\":\"WebSite\",\"@id\":\"https:\/\/birgitnilsson.com\/masterclass\/#website\",\"url\":\"https:\/\/birgitnilsson.com\/masterclass\/\",\"name\":\"Birgit Nilsson Masterclass\",\"description\":\"The official website\",\"publisher\":{\"@id\":\"https:\/\/birgitnilsson.com\/masterclass\/#organization\"},\"potentialAction\":[{\"@type\":\"SearchAction\",\"target\":{\"@type\":\"EntryPoint\",\"urlTemplate\":\"https:\/\/birgitnilsson.com\/masterclass\/?s={search_term_string}\"},\"query-input\":{\"@type\":\"PropertyValueSpecification\",\"valueRequired\":true,\"valueName\":\"search_term_string\"}}],\"inLanguage\":\"sv-SE\"},{\"@type\":\"Organization\",\"@id\":\"https:\/\/birgitnilsson.com\/masterclass\/#organization\",\"name\":\"Birgit Nilsson Masterclass\",\"url\":\"https:\/\/birgitnilsson.com\/masterclass\/\",\"logo\":{\"@type\":\"ImageObject\",\"inLanguage\":\"sv-SE\",\"@id\":\"https:\/\/birgitnilsson.com\/masterclass\/#\/schema\/logo\/image\/\",\"url\":\"https:\/\/birgitnilsson.com\/masterclass\/wp-content\/uploads\/sites\/5\/2021\/03\/Birgit-Nilsson-logotype-light.png\",\"contentUrl\":\"https:\/\/birgitnilsson.com\/masterclass\/wp-content\/uploads\/sites\/5\/2021\/03\/Birgit-Nilsson-logotype-light.png\",\"width\":876,\"height\":387,\"caption\":\"Birgit Nilsson Masterclass\"},\"image\":{\"@id\":\"https:\/\/birgitnilsson.com\/masterclass\/#\/schema\/logo\/image\/\"}}]}<\/script>\n<!-- \/ Yoast SEO plugin. -->","yoast_head_json":{"title":"Contact - Birgit Nilsson Masterclass","robots":{"index":"index","follow":"follow","max-snippet":"max-snippet:-1","max-image-preview":"max-image-preview:large","max-video-preview":"max-video-preview:-1"},"canonical":"https:\/\/birgitnilsson.com\/masterclass\/en\/contact\/","og_locale":"sv_SE","og_type":"article","og_title":"Contact - Birgit Nilsson Masterclass","og_description":"Media Contacts General media Tytte JulinTel: +46 (0)707860096masterclass@birgitnilsson.com \u00a0 Press contact:Torbj\u00f6rn ErikssonTel: +46 (0)70634 43 53\u00a0 International music press masterclass@birgitnilsson.com Image credits \u00a0 Mats B\u00e4cker (Stockholm), Bayreuther Festspiele, Beth Bergman (New York), Robert Cahen (San Francisco), Fotostudio Fayer (Vienna), Siegfried Lauterwasser (\u00dcberlingen), Enar Merkel (Ry\u00add\u00adberg), Louis P\u00e9res, Gunilla Hoven\u00e4s (B\u00e5stad)","og_url":"https:\/\/birgitnilsson.com\/masterclass\/en\/contact\/","og_site_name":"Birgit Nilsson Masterclass","article_modified_time":"2026-03-16T20:52:05+00:00","twitter_card":"summary_large_image","twitter_misc":{"Ber\u00e4knad l\u00e4stid":"1 minut"},"schema":{"@context":"https:\/\/schema.org","@graph":[{"@type":"WebPage","@id":"https:\/\/birgitnilsson.com\/masterclass\/en\/contact\/","url":"https:\/\/birgitnilsson.com\/masterclass\/en\/contact\/","name":"Contact - Birgit Nilsson Masterclass","isPartOf":{"@id":"https:\/\/birgitnilsson.com\/masterclass\/#website"},"datePublished":"2021-03-15T10:00:58+00:00","dateModified":"2026-03-16T20:52:05+00:00","breadcrumb":{"@id":"https:\/\/birgitnilsson.com\/masterclass\/en\/contact\/#breadcrumb"},"inLanguage":"sv-SE","potentialAction":[{"@type":"ReadAction","target":["https:\/\/birgitnilsson.com\/masterclass\/en\/contact\/"]}]},{"@type":"BreadcrumbList","@id":"https:\/\/birgitnilsson.com\/masterclass\/en\/contact\/#breadcrumb","itemListElement":[{"@type":"ListItem","position":1,"name":"Hem","item":"https:\/\/birgitnilsson.com\/masterclass\/"},{"@type":"ListItem","position":2,"name":"Contact"}]},{"@type":"WebSite","@id":"https:\/\/birgitnilsson.com\/masterclass\/#website","url":"https:\/\/birgitnilsson.com\/masterclass\/","name":"Birgit Nilsson Masterclass","description":"The official website","publisher":{"@id":"https:\/\/birgitnilsson.com\/masterclass\/#organization"},"potentialAction":[{"@type":"SearchAction","target":{"@type":"EntryPoint","urlTemplate":"https:\/\/birgitnilsson.com\/masterclass\/?s={search_term_string}"},"query-input":{"@type":"PropertyValueSpecification","valueRequired":true,"valueName":"search_term_string"}}],"inLanguage":"sv-SE"},{"@type":"Organization","@id":"https:\/\/birgitnilsson.com\/masterclass\/#organization","name":"Birgit Nilsson Masterclass","url":"https:\/\/birgitnilsson.com\/masterclass\/","logo":{"@type":"ImageObject","inLanguage":"sv-SE","@id":"https:\/\/birgitnilsson.com\/masterclass\/#\/schema\/logo\/image\/","url":"https:\/\/birgitnilsson.com\/masterclass\/wp-content\/uploads\/sites\/5\/2021\/03\/Birgit-Nilsson-logotype-light.png","contentUrl":"https:\/\/birgitnilsson.com\/masterclass\/wp-content\/uploads\/sites\/5\/2021\/03\/Birgit-Nilsson-logotype-light.png","width":876,"height":387,"caption":"Birgit Nilsson Masterclass"},"image":{"@id":"https:\/\/birgitnilsson.com\/masterclass\/#\/schema\/logo\/image\/"}}]}},"_links":{"self":[{"href":"https:\/\/birgitnilsson.com\/masterclass\/wp-json\/wp\/v2\/pages\/124","targetHints":{"allow":["GET"]}}],"collection":[{"href":"https:\/\/birgitnilsson.com\/masterclass\/wp-json\/wp\/v2\/pages"}],"about":[{"href":"https:\/\/birgitnilsson.com\/masterclass\/wp-json\/wp\/v2\/types\/page"}],"author":[{"embeddable":true,"href":"https:\/\/birgitnilsson.com\/masterclass\/wp-json\/wp\/v2\/users\/1"}],"replies":[{"embeddable":true,"href":"https:\/\/birgitnilsson.com\/masterclass\/wp-json\/wp\/v2\/comments?post=124"}],"version-history":[{"count":82,"href":"https:\/\/birgitnilsson.com\/masterclass\/wp-json\/wp\/v2\/pages\/124\/revisions"}],"predecessor-version":[{"id":1517,"href":"https:\/\/birgitnilsson.com\/masterclass\/wp-json\/wp\/v2\/pages\/124\/revisions\/1517"}],"wp:attachment":[{"href":"https:\/\/birgitnilsson.com\/masterclass\/wp-json\/wp\/v2\/media?parent=124"}],"curies":[{"name":"wp","href":"https:\/\/api.w.org\/{rel}","templated":true}]}}