{"id":673,"date":"2026-02-08T12:51:57","date_gmt":"2026-02-08T11:51:57","guid":{"rendered":"https:\/\/birgitnilsson.com\/festival\/?page_id=673"},"modified":"2026-02-23T09:13:40","modified_gmt":"2026-02-23T08:13:40","slug":"kontakt","status":"publish","type":"page","link":"https:\/\/birgitnilsson.com\/festival\/kontakt\/","title":{"rendered":"Kontakt"},"content":{"rendered":"\t\t<div data-elementor-type=\"wp-page\" data-elementor-id=\"673\" class=\"elementor elementor-673\">\n\t\t\t\t\t\t<section class=\"elementor-section elementor-top-section elementor-element elementor-element-14a387e1 elementor-section-boxed elementor-section-height-default elementor-section-height-default\" data-id=\"14a387e1\" data-element_type=\"section\" data-e-type=\"section\">\n\t\t\t\t\t\t<div class=\"elementor-container elementor-column-gap-default\">\n\t\t\t\t\t<div class=\"elementor-column elementor-col-100 elementor-top-column elementor-element elementor-element-67462f63\" data-id=\"67462f63\" data-element_type=\"column\" data-e-type=\"column\">\n\t\t\t<div class=\"elementor-widget-wrap elementor-element-populated\">\n\t\t\t\t\t\t<div class=\"elementor-element elementor-element-c33b894 elementor-widget elementor-widget-heading\" data-id=\"c33b894\" data-element_type=\"widget\" data-e-type=\"widget\" data-widget_type=\"heading.default\">\n\t\t\t\t\t<h2 class=\"elementor-heading-title elementor-size-default\">Kontakt<\/h2>\t\t\t\t<\/div>\n\t\t\t\t\t<\/div>\n\t\t<\/div>\n\t\t\t\t\t<\/div>\n\t\t<\/section>\n\t\t\t\t<section class=\"elementor-section elementor-top-section elementor-element elementor-element-71d1db5a elementor-section-boxed elementor-section-height-default elementor-section-height-default\" data-id=\"71d1db5a\" data-element_type=\"section\" data-e-type=\"section\">\n\t\t\t\t\t\t<div class=\"elementor-container elementor-column-gap-no\">\n\t\t\t\t\t<div class=\"elementor-column elementor-col-50 elementor-top-column elementor-element elementor-element-149f408c elementor-invisible\" data-id=\"149f408c\" data-element_type=\"column\" data-e-type=\"column\" data-settings=\"{&quot;animation&quot;:&quot;fadeInUp&quot;}\">\n\t\t\t<div class=\"elementor-widget-wrap elementor-element-populated\">\n\t\t\t\t\t\t<div class=\"elementor-element elementor-element-1a4a7fde elementor-widget-divider--view-line elementor-widget elementor-widget-divider\" data-id=\"1a4a7fde\" data-element_type=\"widget\" data-e-type=\"widget\" data-widget_type=\"divider.default\">\n\t\t\t\t\t\t\t<div class=\"elementor-divider\">\n\t\t\t<span class=\"elementor-divider-separator\">\n\t\t\t\t\t\t<\/span>\n\t\t<\/div>\n\t\t\t\t\t\t<\/div>\n\t\t\t\t<div class=\"elementor-element elementor-element-605a384c elementor-widget elementor-widget-text-editor\" data-id=\"605a384c\" data-element_type=\"widget\" data-e-type=\"widget\" data-widget_type=\"text-editor.default\">\n\t\t\t\t\t\t\t\t\t<p><strong>Vid biljettfr\u00e5gor v\u00e4nligen kontakta v\u00e5r biljettpartner<\/strong><\/p>\t\t\t\t\t\t\t\t<\/div>\n\t\t\t\t<div class=\"elementor-element elementor-element-b447161 elementor-widget elementor-widget-text-editor\" data-id=\"b447161\" data-element_type=\"widget\" data-e-type=\"widget\" data-widget_type=\"text-editor.default\">\n\t\t\t\t\t\t\t\t\t<p>Julius Biljettservice<\/p><p>+46 (0)775-700 400 (m\u00e5ndag &#8211; fredag kl. 9.00-17.00, lunchst\u00e4ngt 12.00-13.00)<\/p><p>info@juliusbiljettservice.se<\/p>\t\t\t\t\t\t\t\t<\/div>\n\t\t\t\t\t<\/div>\n\t\t<\/div>\n\t\t\t\t<div class=\"elementor-column elementor-col-50 elementor-top-column elementor-element elementor-element-bc495e4 elementor-invisible\" data-id=\"bc495e4\" data-element_type=\"column\" data-e-type=\"column\" data-settings=\"{&quot;animation&quot;:&quot;fadeInUp&quot;}\">\n\t\t\t<div class=\"elementor-widget-wrap elementor-element-populated\">\n\t\t\t\t\t\t<div class=\"elementor-element elementor-element-3b7b011a elementor-widget-divider--view-line elementor-widget elementor-widget-divider\" data-id=\"3b7b011a\" data-element_type=\"widget\" data-e-type=\"widget\" data-widget_type=\"divider.default\">\n\t\t\t\t\t\t\t<div class=\"elementor-divider\">\n\t\t\t<span class=\"elementor-divider-separator\">\n\t\t\t\t\t\t<\/span>\n\t\t<\/div>\n\t\t\t\t\t\t<\/div>\n\t\t\t\t<div class=\"elementor-element elementor-element-5488c7cc elementor-widget elementor-widget-text-editor\" data-id=\"5488c7cc\" data-element_type=\"widget\" data-e-type=\"widget\" data-widget_type=\"text-editor.default\">\n\t\t\t\t\t\t\t\t\t<p><strong>Birgit Nilsson Stiftelsen<\/strong><\/p>\t\t\t\t\t\t\t\t<\/div>\n\t\t\t\t<div class=\"elementor-element elementor-element-4c422be5 elementor-widget elementor-widget-text-editor\" data-id=\"4c422be5\" data-element_type=\"widget\" data-e-type=\"widget\" data-widget_type=\"text-editor.default\">\n\t\t\t\t\t\t\t\t\t<p>info@birgitnilsson.com<\/p><p><strong>Vid fr\u00e5gor som r\u00f6r Masterclass<\/strong><\/p><p>Tytte Julin<\/p><p>+46 (0)707-86 00 96<br \/>masterclass@birgitnilsson.com<\/p>\t\t\t\t\t\t\t\t<\/div>\n\t\t\t\t\t<\/div>\n\t\t<\/div>\n\t\t\t\t\t<\/div>\n\t\t<\/section>\n\t\t\t\t<section class=\"elementor-section elementor-top-section elementor-element elementor-element-d9de455 elementor-section-boxed elementor-section-height-default elementor-section-height-default\" data-id=\"d9de455\" data-element_type=\"section\" data-e-type=\"section\">\n\t\t\t\t\t\t<div class=\"elementor-container elementor-column-gap-no\">\n\t\t\t\t\t<div class=\"elementor-column elementor-col-50 elementor-top-column elementor-element elementor-element-72036e25 elementor-invisible\" data-id=\"72036e25\" data-element_type=\"column\" data-e-type=\"column\" data-settings=\"{&quot;animation&quot;:&quot;fadeInUp&quot;}\">\n\t\t\t<div class=\"elementor-widget-wrap elementor-element-populated\">\n\t\t\t\t\t\t<div class=\"elementor-element elementor-element-2124c163 elementor-widget-divider--view-line elementor-widget elementor-widget-divider\" data-id=\"2124c163\" data-element_type=\"widget\" data-e-type=\"widget\" data-widget_type=\"divider.default\">\n\t\t\t\t\t\t\t<div class=\"elementor-divider\">\n\t\t\t<span class=\"elementor-divider-separator\">\n\t\t\t\t\t\t<\/span>\n\t\t<\/div>\n\t\t\t\t\t\t<\/div>\n\t\t\t\t<div class=\"elementor-element elementor-element-1438a4c2 elementor-widget elementor-widget-text-editor\" data-id=\"1438a4c2\" data-element_type=\"widget\" data-e-type=\"widget\" data-widget_type=\"text-editor.default\">\n\t\t\t\t\t\t\t\t\t<p><strong>Press<\/strong><\/p>\t\t\t\t\t\t\t\t<\/div>\n\t\t\t\t<div class=\"elementor-element elementor-element-754de22a elementor-widget elementor-widget-text-editor\" data-id=\"754de22a\" data-element_type=\"widget\" data-e-type=\"widget\" data-widget_type=\"text-editor.default\">\n\t\t\t\t\t\t\t\t\t<p><strong>Sweden<\/strong><br \/>Torbj\u00f6rn Eriksson<br \/>TE Kulturproduktion<br \/>+46 (0)706-34 43 53<br \/>torbj\u00f6rn.eriksson@birgitnilsson.com<\/p><p><strong>International<\/strong><br \/>Lucy Maxwell-Stewart<br \/>Red House Productions<br \/>+46 (0)70-38 80 255<br \/>lucy.maxwell-stewart@birgitnilsson.com<\/p>\t\t\t\t\t\t\t\t<\/div>\n\t\t\t\t\t<\/div>\n\t\t<\/div>\n\t\t\t\t<div class=\"elementor-column elementor-col-50 elementor-top-column elementor-element elementor-element-3a92d096 elementor-invisible\" data-id=\"3a92d096\" data-element_type=\"column\" data-e-type=\"column\" data-settings=\"{&quot;animation&quot;:&quot;fadeInUp&quot;}\">\n\t\t\t<div class=\"elementor-widget-wrap elementor-element-populated\">\n\t\t\t\t\t\t<div class=\"elementor-element elementor-element-7e9ac58b elementor-widget-divider--view-line elementor-widget elementor-widget-divider\" data-id=\"7e9ac58b\" data-element_type=\"widget\" data-e-type=\"widget\" data-widget_type=\"divider.default\">\n\t\t\t\t\t\t\t<div class=\"elementor-divider\">\n\t\t\t<span class=\"elementor-divider-separator\">\n\t\t\t\t\t\t<\/span>\n\t\t<\/div>\n\t\t\t\t\t\t<\/div>\n\t\t\t\t<div class=\"elementor-element elementor-element-7dbe768a elementor-widget elementor-widget-text-editor\" data-id=\"7dbe768a\" data-element_type=\"widget\" data-e-type=\"widget\" data-widget_type=\"text-editor.default\">\n\t\t\t\t\t\t\t\t\t<p><strong>Birgit Nilsson Museum<\/strong><\/p>\t\t\t\t\t\t\t\t<\/div>\n\t\t\t\t<div class=\"elementor-element elementor-element-42b0d9cc elementor-widget elementor-widget-text-editor\" data-id=\"42b0d9cc\" data-element_type=\"widget\" data-e-type=\"widget\" data-widget_type=\"text-editor.default\">\n\t\t\t\t\t\t\t\t\t<p>Elisabeth Bostr\u00f6m<\/p><p>Birgit Nilsson Museum<br \/>Birgit Nilssons v\u00e4g 27<br \/>269 91 B\u00e5stad<br \/>Sweden<\/p><p>+46 (0)431-31 18 60<br \/>museum@birgitnilsson.com<\/p>\t\t\t\t\t\t\t\t<\/div>\n\t\t\t\t\t<\/div>\n\t\t<\/div>\n\t\t\t\t\t<\/div>\n\t\t<\/section>\n\t\t\t\t<section class=\"elementor-section elementor-top-section elementor-element elementor-element-77832e8a elementor-section-boxed elementor-section-height-default elementor-section-height-default elementor-invisible\" data-id=\"77832e8a\" data-element_type=\"section\" data-e-type=\"section\" data-settings=\"{&quot;animation&quot;:&quot;fadeInUp&quot;}\">\n\t\t\t\t\t\t<div class=\"elementor-container elementor-column-gap-no\">\n\t\t\t\t\t<div class=\"elementor-column elementor-col-100 elementor-top-column elementor-element elementor-element-4b6290da\" data-id=\"4b6290da\" data-element_type=\"column\" data-e-type=\"column\">\n\t\t\t<div class=\"elementor-widget-wrap elementor-element-populated\">\n\t\t\t\t\t\t<div class=\"elementor-element elementor-element-5ef0004 elementor-widget elementor-widget-heading\" data-id=\"5ef0004\" data-element_type=\"widget\" data-e-type=\"widget\" data-widget_type=\"heading.default\">\n\t\t\t\t\t<h2 class=\"elementor-heading-title elementor-size-default\">Bilder<\/h2>\t\t\t\t<\/div>\n\t\t\t\t<div class=\"elementor-element elementor-element-1ec56a23 elementor-widget elementor-widget-text-editor\" data-id=\"1ec56a23\" data-element_type=\"widget\" data-e-type=\"widget\" data-widget_type=\"text-editor.default\">\n\t\t\t\t\t\t\t\t\t<p>Mats B\u00e4cker (Stockholm) Bayreuther Festspiele, Beth Bergman (New York), Robert Cahen (San Francisco), Fotostudio Fayer (Vienna), Siegfried Lauterwasser (\u00dcberlingen), Enar Merkel (Rydberg), Louis P\u00e9res, Gunilla Hoven\u00e4s (B\u00e5stad), Lena Evertsson (\u00c4ngelholm) Johan Lilja (Helsingborg) Louise Nordstr\u00f6m Pettersson (B\u00e5stad)<\/p>\t\t\t\t\t\t\t\t<\/div>\n\t\t\t\t\t<\/div>\n\t\t<\/div>\n\t\t\t\t\t<\/div>\n\t\t<\/section>\n\t\t\t\t<section class=\"elementor-section elementor-top-section elementor-element elementor-element-3892d9f elementor-section-height-min-height elementor-section-boxed elementor-section-height-default elementor-section-items-middle\" data-id=\"3892d9f\" data-element_type=\"section\" data-e-type=\"section\">\n\t\t\t\t\t\t<div class=\"elementor-container elementor-column-gap-no\">\n\t\t\t\t\t<div class=\"elementor-column elementor-col-100 elementor-top-column elementor-element elementor-element-412a6ccd\" data-id=\"412a6ccd\" data-element_type=\"column\" data-e-type=\"column\">\n\t\t\t<div class=\"elementor-widget-wrap\">\n\t\t\t\t\t\t\t<\/div>\n\t\t<\/div>\n\t\t\t\t\t<\/div>\n\t\t<\/section>\n\t\t\t\t<\/div>\n\t\t","protected":false},"excerpt":{"rendered":"<p>Kontakt Vid biljettfr\u00e5gor v\u00e4nligen kontakta v\u00e5r biljettpartner Julius Biljettservice +46 (0)775-700 400 (m\u00e5ndag &#8211; fredag kl. 9.00-17.00, lunchst\u00e4ngt 12.00-13.00) info@juliusbiljettservice.se Birgit Nilsson Stiftelsen info@birgitnilsson.com Vid fr\u00e5gor som r\u00f6r Masterclass Tytte Julin +46 (0)707-86 00 96masterclass@birgitnilsson.com Press SwedenTorbj\u00f6rn ErikssonTE Kulturproduktion+46 (0)706-34 43 53torbj\u00f6rn.eriksson@birgitnilsson.com InternationalLucy Maxwell-StewartRed House Productions+46 (0)70-38 80 255lucy.maxwell-stewart@birgitnilsson.com Birgit Nilsson Museum Elisabeth Bostr\u00f6m Birgit [&hellip;]<\/p>\n","protected":false},"author":12,"featured_media":0,"parent":0,"menu_order":0,"comment_status":"closed","ping_status":"closed","template":"","meta":{"_acf_changed":false,"ocean_post_layout":"","ocean_both_sidebars_style":"","ocean_both_sidebars_content_width":0,"ocean_both_sidebars_sidebars_width":0,"ocean_sidebar":"","ocean_second_sidebar":"","ocean_disable_margins":"enable","ocean_add_body_class":"","ocean_shortcode_before_top_bar":"","ocean_shortcode_after_top_bar":"","ocean_shortcode_before_header":"","ocean_shortcode_after_header":"","ocean_has_shortcode":"","ocean_shortcode_after_title":"","ocean_shortcode_before_footer_widgets":"","ocean_shortcode_after_footer_widgets":"","ocean_shortcode_before_footer_bottom":"","ocean_shortcode_after_footer_bottom":"","ocean_display_top_bar":"default","ocean_display_header":"default","ocean_header_style":"","ocean_center_header_left_menu":"","ocean_custom_header_template":"","ocean_custom_logo":0,"ocean_custom_retina_logo":0,"ocean_custom_logo_max_width":0,"ocean_custom_logo_tablet_max_width":0,"ocean_custom_logo_mobile_max_width":0,"ocean_custom_logo_max_height":0,"ocean_custom_logo_tablet_max_height":0,"ocean_custom_logo_mobile_max_height":0,"ocean_header_custom_menu":"","ocean_menu_typo_font_family":"","ocean_menu_typo_font_subset":"","ocean_menu_typo_font_size":0,"ocean_menu_typo_font_size_tablet":0,"ocean_menu_typo_font_size_mobile":0,"ocean_menu_typo_font_size_unit":"px","ocean_menu_typo_font_weight":"","ocean_menu_typo_font_weight_tablet":"","ocean_menu_typo_font_weight_mobile":"","ocean_menu_typo_transform":"","ocean_menu_typo_transform_tablet":"","ocean_menu_typo_transform_mobile":"","ocean_menu_typo_line_height":0,"ocean_menu_typo_line_height_tablet":0,"ocean_menu_typo_line_height_mobile":0,"ocean_menu_typo_line_height_unit":"","ocean_menu_typo_spacing":0,"ocean_menu_typo_spacing_tablet":0,"ocean_menu_typo_spacing_mobile":0,"ocean_menu_typo_spacing_unit":"","ocean_menu_link_color":"","ocean_menu_link_color_hover":"","ocean_menu_link_color_active":"","ocean_menu_link_background":"","ocean_menu_link_hover_background":"","ocean_menu_link_active_background":"","ocean_menu_social_links_bg":"","ocean_menu_social_hover_links_bg":"","ocean_menu_social_links_color":"","ocean_menu_social_hover_links_color":"","ocean_disable_title":"default","ocean_disable_heading":"default","ocean_post_title":"","ocean_post_subheading":"","ocean_post_title_style":"","ocean_post_title_background_color":"","ocean_post_title_background":0,"ocean_post_title_bg_image_position":"","ocean_post_title_bg_image_attachment":"","ocean_post_title_bg_image_repeat":"","ocean_post_title_bg_image_size":"","ocean_post_title_height":0,"ocean_post_title_bg_overlay":0.5,"ocean_post_title_bg_overlay_color":"","ocean_disable_breadcrumbs":"default","ocean_breadcrumbs_color":"","ocean_breadcrumbs_separator_color":"","ocean_breadcrumbs_links_color":"","ocean_breadcrumbs_links_hover_color":"","ocean_display_footer_widgets":"default","ocean_display_footer_bottom":"default","ocean_custom_footer_template":"","footnotes":""},"class_list":["post-673","page","type-page","status-publish","hentry","entry"],"acf":[],"yoast_head":"<!-- This site is optimized with the Yoast SEO plugin v27.4 - https:\/\/yoast.com\/product\/yoast-seo-wordpress\/ -->\n<title>Kontakt - Birgit Nilsson Festival<\/title>\n<meta name=\"robots\" content=\"index, follow, max-snippet:-1, max-image-preview:large, max-video-preview:-1\" \/>\n<link rel=\"canonical\" href=\"https:\/\/birgitnilsson.com\/festival\/kontakt\/\" \/>\n<meta property=\"og:locale\" content=\"sv_SE\" \/>\n<meta property=\"og:type\" content=\"article\" \/>\n<meta property=\"og:title\" content=\"Kontakt - Birgit Nilsson Festival\" \/>\n<meta property=\"og:description\" content=\"Kontakt Vid biljettfr\u00e5gor v\u00e4nligen kontakta v\u00e5r biljettpartner Julius Biljettservice +46 (0)775-700 400 (m\u00e5ndag &#8211; fredag kl. 9.00-17.00, lunchst\u00e4ngt 12.00-13.00) info@juliusbiljettservice.se Birgit Nilsson Stiftelsen info@birgitnilsson.com Vid fr\u00e5gor som r\u00f6r Masterclass Tytte Julin +46 (0)707-86 00 96masterclass@birgitnilsson.com Press SwedenTorbj\u00f6rn ErikssonTE Kulturproduktion+46 (0)706-34 43 53torbj\u00f6rn.eriksson@birgitnilsson.com InternationalLucy Maxwell-StewartRed House Productions+46 (0)70-38 80 255lucy.maxwell-stewart@birgitnilsson.com Birgit Nilsson Museum Elisabeth Bostr\u00f6m Birgit [&hellip;]\" \/>\n<meta property=\"og:url\" content=\"https:\/\/birgitnilsson.com\/festival\/kontakt\/\" \/>\n<meta property=\"og:site_name\" content=\"Birgit Nilsson Festival\" \/>\n<meta property=\"article:modified_time\" content=\"2026-02-23T08:13:40+00:00\" \/>\n<meta name=\"twitter:card\" content=\"summary_large_image\" \/>\n<meta name=\"twitter:label1\" content=\"Ber\u00e4knad l\u00e4stid\" \/>\n\t<meta name=\"twitter:data1\" content=\"1 minut\" \/>\n<script type=\"application\/ld+json\" class=\"yoast-schema-graph\">{\"@context\":\"https:\\\/\\\/schema.org\",\"@graph\":[{\"@type\":\"WebPage\",\"@id\":\"https:\\\/\\\/birgitnilsson.com\\\/festival\\\/kontakt\\\/\",\"url\":\"https:\\\/\\\/birgitnilsson.com\\\/festival\\\/kontakt\\\/\",\"name\":\"Kontakt - Birgit Nilsson Festival\",\"isPartOf\":{\"@id\":\"https:\\\/\\\/birgitnilsson.com\\\/festival\\\/#website\"},\"datePublished\":\"2026-02-08T11:51:57+00:00\",\"dateModified\":\"2026-02-23T08:13:40+00:00\",\"breadcrumb\":{\"@id\":\"https:\\\/\\\/birgitnilsson.com\\\/festival\\\/kontakt\\\/#breadcrumb\"},\"inLanguage\":\"sv-SE\",\"potentialAction\":[{\"@type\":\"ReadAction\",\"target\":[\"https:\\\/\\\/birgitnilsson.com\\\/festival\\\/kontakt\\\/\"]}]},{\"@type\":\"BreadcrumbList\",\"@id\":\"https:\\\/\\\/birgitnilsson.com\\\/festival\\\/kontakt\\\/#breadcrumb\",\"itemListElement\":[{\"@type\":\"ListItem\",\"position\":1,\"name\":\"Hem\",\"item\":\"https:\\\/\\\/birgitnilsson.com\\\/festival\\\/\"},{\"@type\":\"ListItem\",\"position\":2,\"name\":\"Kontakt\"}]},{\"@type\":\"WebSite\",\"@id\":\"https:\\\/\\\/birgitnilsson.com\\\/festival\\\/#website\",\"url\":\"https:\\\/\\\/birgitnilsson.com\\\/festival\\\/\",\"name\":\"Birgit Nilsson Festival\",\"description\":\"The Official Website\",\"publisher\":{\"@id\":\"https:\\\/\\\/birgitnilsson.com\\\/festival\\\/#organization\"},\"potentialAction\":[{\"@type\":\"SearchAction\",\"target\":{\"@type\":\"EntryPoint\",\"urlTemplate\":\"https:\\\/\\\/birgitnilsson.com\\\/festival\\\/?s={search_term_string}\"},\"query-input\":{\"@type\":\"PropertyValueSpecification\",\"valueRequired\":true,\"valueName\":\"search_term_string\"}}],\"inLanguage\":\"sv-SE\"},{\"@type\":\"Organization\",\"@id\":\"https:\\\/\\\/birgitnilsson.com\\\/festival\\\/#organization\",\"name\":\"Birgit Nilsson Festival\",\"url\":\"https:\\\/\\\/birgitnilsson.com\\\/festival\\\/\",\"logo\":{\"@type\":\"ImageObject\",\"inLanguage\":\"sv-SE\",\"@id\":\"https:\\\/\\\/birgitnilsson.com\\\/festival\\\/#\\\/schema\\\/logo\\\/image\\\/\",\"url\":\"https:\\\/\\\/birgitnilsson.com\\\/festival\\\/wp-content\\\/uploads\\\/sites\\\/10\\\/2026\\\/01\\\/Birgit-nilsson-stiftelsen-logotype.png\",\"contentUrl\":\"https:\\\/\\\/birgitnilsson.com\\\/festival\\\/wp-content\\\/uploads\\\/sites\\\/10\\\/2026\\\/01\\\/Birgit-nilsson-stiftelsen-logotype.png\",\"width\":650,\"height\":384,\"caption\":\"Birgit Nilsson Festival\"},\"image\":{\"@id\":\"https:\\\/\\\/birgitnilsson.com\\\/festival\\\/#\\\/schema\\\/logo\\\/image\\\/\"}}]}<\/script>\n<!-- \/ Yoast SEO plugin. -->","yoast_head_json":{"title":"Kontakt - Birgit Nilsson Festival","robots":{"index":"index","follow":"follow","max-snippet":"max-snippet:-1","max-image-preview":"max-image-preview:large","max-video-preview":"max-video-preview:-1"},"canonical":"https:\/\/birgitnilsson.com\/festival\/kontakt\/","og_locale":"sv_SE","og_type":"article","og_title":"Kontakt - Birgit Nilsson Festival","og_description":"Kontakt Vid biljettfr\u00e5gor v\u00e4nligen kontakta v\u00e5r biljettpartner Julius Biljettservice +46 (0)775-700 400 (m\u00e5ndag &#8211; fredag kl. 9.00-17.00, lunchst\u00e4ngt 12.00-13.00) info@juliusbiljettservice.se Birgit Nilsson Stiftelsen info@birgitnilsson.com Vid fr\u00e5gor som r\u00f6r Masterclass Tytte Julin +46 (0)707-86 00 96masterclass@birgitnilsson.com Press SwedenTorbj\u00f6rn ErikssonTE Kulturproduktion+46 (0)706-34 43 53torbj\u00f6rn.eriksson@birgitnilsson.com InternationalLucy Maxwell-StewartRed House Productions+46 (0)70-38 80 255lucy.maxwell-stewart@birgitnilsson.com Birgit Nilsson Museum Elisabeth Bostr\u00f6m Birgit [&hellip;]","og_url":"https:\/\/birgitnilsson.com\/festival\/kontakt\/","og_site_name":"Birgit Nilsson Festival","article_modified_time":"2026-02-23T08:13:40+00:00","twitter_card":"summary_large_image","twitter_misc":{"Ber\u00e4knad l\u00e4stid":"1 minut"},"schema":{"@context":"https:\/\/schema.org","@graph":[{"@type":"WebPage","@id":"https:\/\/birgitnilsson.com\/festival\/kontakt\/","url":"https:\/\/birgitnilsson.com\/festival\/kontakt\/","name":"Kontakt - Birgit Nilsson Festival","isPartOf":{"@id":"https:\/\/birgitnilsson.com\/festival\/#website"},"datePublished":"2026-02-08T11:51:57+00:00","dateModified":"2026-02-23T08:13:40+00:00","breadcrumb":{"@id":"https:\/\/birgitnilsson.com\/festival\/kontakt\/#breadcrumb"},"inLanguage":"sv-SE","potentialAction":[{"@type":"ReadAction","target":["https:\/\/birgitnilsson.com\/festival\/kontakt\/"]}]},{"@type":"BreadcrumbList","@id":"https:\/\/birgitnilsson.com\/festival\/kontakt\/#breadcrumb","itemListElement":[{"@type":"ListItem","position":1,"name":"Hem","item":"https:\/\/birgitnilsson.com\/festival\/"},{"@type":"ListItem","position":2,"name":"Kontakt"}]},{"@type":"WebSite","@id":"https:\/\/birgitnilsson.com\/festival\/#website","url":"https:\/\/birgitnilsson.com\/festival\/","name":"Birgit Nilsson Festival","description":"The Official Website","publisher":{"@id":"https:\/\/birgitnilsson.com\/festival\/#organization"},"potentialAction":[{"@type":"SearchAction","target":{"@type":"EntryPoint","urlTemplate":"https:\/\/birgitnilsson.com\/festival\/?s={search_term_string}"},"query-input":{"@type":"PropertyValueSpecification","valueRequired":true,"valueName":"search_term_string"}}],"inLanguage":"sv-SE"},{"@type":"Organization","@id":"https:\/\/birgitnilsson.com\/festival\/#organization","name":"Birgit Nilsson Festival","url":"https:\/\/birgitnilsson.com\/festival\/","logo":{"@type":"ImageObject","inLanguage":"sv-SE","@id":"https:\/\/birgitnilsson.com\/festival\/#\/schema\/logo\/image\/","url":"https:\/\/birgitnilsson.com\/festival\/wp-content\/uploads\/sites\/10\/2026\/01\/Birgit-nilsson-stiftelsen-logotype.png","contentUrl":"https:\/\/birgitnilsson.com\/festival\/wp-content\/uploads\/sites\/10\/2026\/01\/Birgit-nilsson-stiftelsen-logotype.png","width":650,"height":384,"caption":"Birgit Nilsson Festival"},"image":{"@id":"https:\/\/birgitnilsson.com\/festival\/#\/schema\/logo\/image\/"}}]}},"_links":{"self":[{"href":"https:\/\/birgitnilsson.com\/festival\/wp-json\/wp\/v2\/pages\/673","targetHints":{"allow":["GET"]}}],"collection":[{"href":"https:\/\/birgitnilsson.com\/festival\/wp-json\/wp\/v2\/pages"}],"about":[{"href":"https:\/\/birgitnilsson.com\/festival\/wp-json\/wp\/v2\/types\/page"}],"author":[{"embeddable":true,"href":"https:\/\/birgitnilsson.com\/festival\/wp-json\/wp\/v2\/users\/12"}],"replies":[{"embeddable":true,"href":"https:\/\/birgitnilsson.com\/festival\/wp-json\/wp\/v2\/comments?post=673"}],"version-history":[{"count":22,"href":"https:\/\/birgitnilsson.com\/festival\/wp-json\/wp\/v2\/pages\/673\/revisions"}],"predecessor-version":[{"id":1487,"href":"https:\/\/birgitnilsson.com\/festival\/wp-json\/wp\/v2\/pages\/673\/revisions\/1487"}],"wp:attachment":[{"href":"https:\/\/birgitnilsson.com\/festival\/wp-json\/wp\/v2\/media?parent=673"}],"curies":[{"name":"wp","href":"https:\/\/api.w.org\/{rel}","templated":true}]}}